{"id":29772,"date":"2022-10-04T15:49:32","date_gmt":"2022-10-04T13:49:32","guid":{"rendered":"https:\/\/br10.brentex-webprojekt.ch\/?page_id=29772"},"modified":"2022-11-04T20:23:19","modified_gmt":"2022-11-04T19:23:19","slug":"technisches-material","status":"publish","type":"page","link":"https:\/\/br10.brentex-webprojekt.ch\/fr\/technisches-material\/","title":{"rendered":"Mat\u00e9riel technique"},"content":{"rendered":"<div data-elementor-type=\"wp-page\" data-elementor-id=\"29772\" class=\"elementor elementor-29772\" data-elementor-settings=\"[]\">\n\t\t\t\t\t\t<div class=\"elementor-inner\">\n\t\t\t\t\t\t\t<div class=\"elementor-section-wrap\">\n\t\t\t\t\t\t\t<section class=\"elementor-section elementor-top-section elementor-element elementor-element-fe49dc9 elementor-section-height-min-height elementor-section-items-bottom elementor-section-boxed elementor-section-height-default\" data-id=\"fe49dc9\" data-element_type=\"section\" data-settings=\"{&quot;background_background&quot;:&quot;classic&quot;,&quot;_ha_eqh_enable&quot;:false}\">\n\t\t\t\t\t\t\t<div class=\"elementor-background-overlay\"><\/div>\n\t\t\t\t\t\t\t<div class=\"elementor-container elementor-column-gap-default\">\n\t\t\t\t\t\t\t<div class=\"elementor-row\">\n\t\t\t\t\t<div class=\"elementor-column elementor-col-100 elementor-top-column elementor-element elementor-element-842b183\" data-id=\"842b183\" data-element_type=\"column\">\n\t\t\t<div class=\"elementor-column-wrap elementor-element-populated\">\n\t\t\t\t\t\t\t<div class=\"elementor-widget-wrap\">\n\t\t\t\t\t\t<div class=\"elementor-element elementor-element-59fcc44 elementor-list-item-link-inline elementor-icon-list--layout-inline elementor-widget elementor-widget-icon-list\" data-id=\"59fcc44\" data-element_type=\"widget\" data-widget_type=\"icon-list.default\">\n\t\t\t\t<div class=\"elementor-widget-container\">\n\t\t\t\t\t<ul class=\"elementor-icon-list-items elementor-inline-items\">\n\t\t\t\t\t\t\t<li class=\"elementor-icon-list-item elementor-inline-item\">\n\t\t\t\t\t\t\t\t\t\t\t<a href=\"https:\/\/www.rovia.ch\/produkte\/\">\n\n\t\t\t\t\t\t\t\t\t\t\t<span class=\"elementor-icon-list-text\">Produits<\/span>\n\t\t\t\t\t\t\t\t\t\t\t<\/a>\n\t\t\t\t\t\t\t\t\t<\/li>\n\t\t\t\t\t\t\t\t<li class=\"elementor-icon-list-item elementor-inline-item\">\n\t\t\t\t\t\t\t\t\t\t\t<span class=\"elementor-icon-list-icon\">\n\t\t\t\t\t\t\t<i aria-hidden=\"true\" class=\"fas fa-minus\"><\/i>\t\t\t\t\t\t<\/span>\n\t\t\t\t\t\t\t\t\t\t<span class=\"elementor-icon-list-text\">Mat\u00e9riel technique<\/span>\n\t\t\t\t\t\t\t\t\t<\/li>\n\t\t\t\t\t\t<\/ul>\n\t\t\t\t<\/div>\n\t\t\t\t<\/div>\n\t\t\t\t<div class=\"elementor-element elementor-element-280799e elementor-widget elementor-widget-heading\" data-id=\"280799e\" data-element_type=\"widget\" data-widget_type=\"heading.default\">\n\t\t\t\t<div class=\"elementor-widget-container\">\n\t\t\t<h2 class=\"elementor-heading-title elementor-size-default\">Mat\u00e9riel technique<\/h2>\t\t<\/div>\n\t\t\t\t<\/div>\n\t\t\t\t\t\t<\/div>\n\t\t\t\t\t<\/div>\n\t\t<\/div>\n\t\t\t\t\t\t\t\t<\/div>\n\t\t\t\t\t<\/div>\n\t\t<\/section>\n\t\t\t\t<section class=\"elementor-section elementor-top-section elementor-element elementor-element-a88f81d elementor-section-boxed elementor-section-height-default elementor-section-height-default\" data-id=\"a88f81d\" data-element_type=\"section\" data-settings=\"{&quot;background_background&quot;:&quot;classic&quot;,&quot;_ha_eqh_enable&quot;:false}\">\n\t\t\t\t\t\t<div class=\"elementor-container elementor-column-gap-default\">\n\t\t\t\t\t\t\t<div class=\"elementor-row\">\n\t\t\t\t\t<div class=\"elementor-column elementor-col-50 elementor-top-column elementor-element elementor-element-28c51f5\" data-id=\"28c51f5\" data-element_type=\"column\">\n\t\t\t<div class=\"elementor-column-wrap elementor-element-populated\">\n\t\t\t\t\t\t\t<div class=\"elementor-widget-wrap\">\n\t\t\t\t\t\t<div class=\"elementor-element elementor-element-7fe43ff elementor-widget elementor-widget-heading\" data-id=\"7fe43ff\" data-element_type=\"widget\" data-widget_type=\"heading.default\">\n\t\t\t\t<div class=\"elementor-widget-container\">\n\t\t\t<h2 class=\"elementor-heading-title elementor-size-default\">Mat\u00e9riel technique<\/h2>\t\t<\/div>\n\t\t\t\t<\/div>\n\t\t\t\t<div class=\"elementor-element elementor-element-9dfab79 elementor-widget-divider--view-line elementor-widget elementor-widget-divider\" data-id=\"9dfab79\" data-element_type=\"widget\" data-widget_type=\"divider.default\">\n\t\t\t\t<div class=\"elementor-widget-container\">\n\t\t\t\t\t<div class=\"elementor-divider\">\n\t\t\t<span class=\"elementor-divider-separator\">\n\t\t\t\t\t\t<\/span>\n\t\t<\/div>\n\t\t\t\t<\/div>\n\t\t\t\t<\/div>\n\t\t\t\t<div class=\"elementor-element elementor-element-9565a2e elementor-list-item-link-inline elementor-widget__width-auto elementor-align-left elementor-tablet-align-center elementor-icon-list--layout-traditional elementor-widget elementor-widget-icon-list\" data-id=\"9565a2e\" data-element_type=\"widget\" data-widget_type=\"icon-list.default\">\n\t\t\t\t<div class=\"elementor-widget-container\">\n\t\t\t\t\t<ul class=\"elementor-icon-list-items\">\n\t\t\t\t\t\t\t<li class=\"elementor-icon-list-item\">\n\t\t\t\t\t\t\t\t\t\t\t<a href=\"https:\/\/www.rovia.ch\/wasserwehr\/\">\n\n\t\t\t\t\t\t\t\t\t\t\t<span class=\"elementor-icon-list-text\">Service des eaux<\/span>\n\t\t\t\t\t\t\t\t\t\t\t<\/a>\n\t\t\t\t\t\t\t\t\t<\/li>\n\t\t\t\t\t\t\t\t<li class=\"elementor-icon-list-item\">\n\t\t\t\t\t\t\t\t\t\t\t<a href=\"https:\/\/www.rovia.ch\/luftungsgerate\/\">\n\n\t\t\t\t\t\t\t\t\t\t\t<span class=\"elementor-icon-list-text\">Appareils de ventilation<\/span>\n\t\t\t\t\t\t\t\t\t\t\t<\/a>\n\t\t\t\t\t\t\t\t\t<\/li>\n\t\t\t\t\t\t\t\t<li class=\"elementor-icon-list-item\">\n\t\t\t\t\t\t\t\t\t\t\t<a href=\"https:\/\/www.rovia.ch\/stromerzeuger\/\">\n\n\t\t\t\t\t\t\t\t\t\t\t<span class=\"elementor-icon-list-text\">G\u00e9n\u00e9rateurs d'\u00e9lectricit\u00e9<\/span>\n\t\t\t\t\t\t\t\t\t\t\t<\/a>\n\t\t\t\t\t\t\t\t\t<\/li>\n\t\t\t\t\t\t<\/ul>\n\t\t\t\t<\/div>\n\t\t\t\t<\/div>\n\t\t\t\t\t\t<\/div>\n\t\t\t\t\t<\/div>\n\t\t<\/div>\n\t\t\t\t<div class=\"elementor-column elementor-col-50 elementor-top-column elementor-element elementor-element-153bc63\" data-id=\"153bc63\" data-element_type=\"column\">\n\t\t\t<div class=\"elementor-column-wrap elementor-element-populated\">\n\t\t\t\t\t\t\t<div class=\"elementor-widget-wrap\">\n\t\t\t\t\t\t<div class=\"elementor-element elementor-element-230a6f4 elementor-posts--thumbnail-top elementor-grid-3 elementor-grid-tablet-2 elementor-grid-mobile-1 elementor-widget elementor-widget-posts\" data-id=\"230a6f4\" data-element_type=\"widget\" data-settings=\"{&quot;custom_row_gap&quot;:{&quot;unit&quot;:&quot;px&quot;,&quot;size&quot;:30,&quot;sizes&quot;:[]},&quot;custom_row_gap_tablet&quot;:{&quot;unit&quot;:&quot;px&quot;,&quot;size&quot;:30,&quot;sizes&quot;:[]},&quot;custom_columns&quot;:&quot;3&quot;,&quot;custom_columns_tablet&quot;:&quot;2&quot;,&quot;custom_columns_mobile&quot;:&quot;1&quot;,&quot;custom_row_gap_mobile&quot;:{&quot;unit&quot;:&quot;px&quot;,&quot;size&quot;:&quot;&quot;,&quot;sizes&quot;:[]}}\" data-widget_type=\"posts.custom\">\n\t\t\t\t<div class=\"elementor-widget-container\">\n\t\t\t      <div class=\"ecs-posts elementor-posts-container elementor-posts   elementor-grid elementor-posts--skin-custom\" data-settings=\"{&quot;current_page&quot;:1,&quot;max_num_pages&quot;:1,&quot;load_method&quot;:&quot;&quot;,&quot;widget_id&quot;:&quot;230a6f4&quot;,&quot;post_id&quot;:29772,&quot;theme_id&quot;:29772,&quot;change_url&quot;:false,&quot;reinit_js&quot;:false}\">\n      \t\t<article id=\"post-36412\" class=\"elementor-post elementor-grid-item ecs-post-loop post-36412 post type-post status-publish format-standard has-post-thumbnail hentry category-technisches-material\">\n\t\t\t\t<div data-elementor-type=\"loop\" data-elementor-id=\"31379\" class=\"elementor elementor-31379 post-36412 post type-post status-publish format-standard has-post-thumbnail hentry category-technisches-material\" data-elementor-settings=\"[]\">\n\t\t\t\t\t<div class=\"elementor-section-wrap\">\n\t\t\t\t\t\t\t\t<section class=\"elementor-section elementor-top-section elementor-element elementor-element-1508c92 elementor-section-height-min-height elementor-section-items-top elementor-section-boxed elementor-section-height-default\" data-id=\"1508c92\" data-element_type=\"section\" data-settings=\"{&quot;_ha_eqh_enable&quot;:false}\">\n\t\t\t\t\t\t<div class=\"elementor-container elementor-column-gap-default\">\n\t\t\t\t\t\t\t<div class=\"elementor-row\">\n\t\t\t\t\t<div data-ha-element-link=\"{&quot;url&quot;:&quot;https:\\\/\\\/br10.brentex-webprojekt.ch\\\/fr\\\/wasserwehr\\\/&quot;,&quot;is_external&quot;:&quot;&quot;,&quot;nofollow&quot;:&quot;&quot;,&quot;custom_attributes&quot;:&quot;&quot;}\" style=\"cursor: pointer\" class=\"elementor-column elementor-col-100 elementor-top-column elementor-element elementor-element-59c5858\" data-id=\"59c5858\" data-element_type=\"column\" data-settings=\"{&quot;background_background&quot;:&quot;classic&quot;}\">\n\t\t\t<div class=\"elementor-column-wrap elementor-element-populated\">\n\t\t\t\t\t\t\t<div class=\"elementor-widget-wrap\">\n\t\t\t\t\t\t<div class=\"elementor-element elementor-element-f37d60e elementor-widget elementor-widget-image\" data-id=\"f37d60e\" data-element_type=\"widget\" data-widget_type=\"image.default\">\n\t\t\t\t<div class=\"elementor-widget-container\">\n\t\t\t\t\t\t\t\t<div class=\"elementor-image\">\n\t\t\t\t\t\t\t\t\t\t\t\t<img decoding=\"async\" width=\"300\" height=\"300\" src=\"https:\/\/br10.brentex-webprojekt.ch\/wp-content\/uploads\/2022\/11\/tauchmpmpe.jpeg\" class=\"attachment-large size-large\" alt=\"\" loading=\"lazy\" srcset=\"https:\/\/br10.brentex-webprojekt.ch\/wp-content\/uploads\/2022\/11\/tauchmpmpe.jpeg 300w, https:\/\/br10.brentex-webprojekt.ch\/wp-content\/uploads\/2022\/11\/tauchmpmpe-150x150.jpeg 150w\" sizes=\"(max-width: 300px) 100vw, 300px\" \/>\t\t\t\t\t\t\t\t\t\t\t\t\t\t<\/div>\n\t\t\t\t\t\t<\/div>\n\t\t\t\t<\/div>\n\t\t\t\t<div class=\"elementor-element elementor-element-9c8fd7d elementor-widget elementor-widget-heading\" data-id=\"9c8fd7d\" data-element_type=\"widget\" data-widget_type=\"heading.default\">\n\t\t\t\t<div class=\"elementor-widget-container\">\n\t\t\t<h2 class=\"elementor-heading-title elementor-size-default\">Service des eaux<\/h2>\t\t<\/div>\n\t\t\t\t<\/div>\n\t\t\t\t<div class=\"elementor-element elementor-element-e265846 elementor-widget__width-auto elementor-widget elementor-widget-button\" data-id=\"e265846\" data-element_type=\"widget\" data-widget_type=\"button.default\">\n\t\t\t\t<div class=\"elementor-widget-container\">\n\t\t\t\t\t<div class=\"elementor-button-wrapper\">\n\t\t\t<a href=\"https:\/\/br10.brentex-webprojekt.ch\/fr\/wasserwehr\/\" class=\"elementor-button-link elementor-button elementor-size-sm\" role=\"button\">\n\t\t\t\t\t\t<span class=\"elementor-button-content-wrapper\">\n\t\t\t\t\t\t<span class=\"elementor-button-text\">En savoir plus<\/span>\n\t\t<\/span>\n\t\t\t\t\t<\/a>\n\t\t<\/div>\n\t\t\t\t<\/div>\n\t\t\t\t<\/div>\n\t\t\t\t\t\t<\/div>\n\t\t\t\t\t<\/div>\n\t\t<\/div>\n\t\t\t\t\t\t\t\t<\/div>\n\t\t\t\t\t<\/div>\n\t\t<\/section>\n\t\t\t\t\t\t\t<\/div>\n\t\t\t\t<\/div>\n\t\t\t\t<\/article>\n\t\t\t\t<article id=\"post-36420\" class=\"elementor-post elementor-grid-item ecs-post-loop post-36420 post type-post status-publish format-standard has-post-thumbnail hentry category-technisches-material\">\n\t\t\t\t<div data-elementor-type=\"loop\" data-elementor-id=\"31379\" class=\"elementor elementor-31379 post-36420 post type-post status-publish format-standard has-post-thumbnail hentry category-technisches-material\" data-elementor-settings=\"[]\">\n\t\t\t\t\t<div class=\"elementor-section-wrap\">\n\t\t\t\t\t\t\t\t<section class=\"elementor-section elementor-top-section elementor-element elementor-element-1508c92 elementor-section-height-min-height elementor-section-items-top elementor-section-boxed elementor-section-height-default\" data-id=\"1508c92\" data-element_type=\"section\" data-settings=\"{&quot;_ha_eqh_enable&quot;:false}\">\n\t\t\t\t\t\t<div class=\"elementor-container elementor-column-gap-default\">\n\t\t\t\t\t\t\t<div class=\"elementor-row\">\n\t\t\t\t\t<div data-ha-element-link=\"{&quot;url&quot;:&quot;https:\\\/\\\/br10.brentex-webprojekt.ch\\\/fr\\\/luftungsgerate\\\/&quot;,&quot;is_external&quot;:&quot;&quot;,&quot;nofollow&quot;:&quot;&quot;,&quot;custom_attributes&quot;:&quot;&quot;}\" style=\"cursor: pointer\" class=\"elementor-column elementor-col-100 elementor-top-column elementor-element elementor-element-59c5858\" data-id=\"59c5858\" data-element_type=\"column\" data-settings=\"{&quot;background_background&quot;:&quot;classic&quot;}\">\n\t\t\t<div class=\"elementor-column-wrap elementor-element-populated\">\n\t\t\t\t\t\t\t<div class=\"elementor-widget-wrap\">\n\t\t\t\t\t\t<div class=\"elementor-element elementor-element-f37d60e elementor-widget elementor-widget-image\" data-id=\"f37d60e\" data-element_type=\"widget\" data-widget_type=\"image.default\">\n\t\t\t\t<div class=\"elementor-widget-container\">\n\t\t\t\t\t\t\t\t<div class=\"elementor-image\">\n\t\t\t\t\t\t\t\t\t\t\t\t<img decoding=\"async\" width=\"300\" height=\"300\" src=\"https:\/\/br10.brentex-webprojekt.ch\/wp-content\/uploads\/2022\/11\/V18-BL-SP-Alpina_2020-300X300-300x300-1.png\" class=\"attachment-large size-large\" alt=\"\" loading=\"lazy\" srcset=\"https:\/\/br10.brentex-webprojekt.ch\/wp-content\/uploads\/2022\/11\/V18-BL-SP-Alpina_2020-300X300-300x300-1.png 300w, https:\/\/br10.brentex-webprojekt.ch\/wp-content\/uploads\/2022\/11\/V18-BL-SP-Alpina_2020-300X300-300x300-1-150x150.png 150w\" sizes=\"(max-width: 300px) 100vw, 300px\" \/>\t\t\t\t\t\t\t\t\t\t\t\t\t\t<\/div>\n\t\t\t\t\t\t<\/div>\n\t\t\t\t<\/div>\n\t\t\t\t<div class=\"elementor-element elementor-element-9c8fd7d elementor-widget elementor-widget-heading\" data-id=\"9c8fd7d\" data-element_type=\"widget\" data-widget_type=\"heading.default\">\n\t\t\t\t<div class=\"elementor-widget-container\">\n\t\t\t<h2 class=\"elementor-heading-title elementor-size-default\">Appareils de ventilation<\/h2>\t\t<\/div>\n\t\t\t\t<\/div>\n\t\t\t\t<div class=\"elementor-element elementor-element-e265846 elementor-widget__width-auto elementor-widget elementor-widget-button\" data-id=\"e265846\" data-element_type=\"widget\" data-widget_type=\"button.default\">\n\t\t\t\t<div class=\"elementor-widget-container\">\n\t\t\t\t\t<div class=\"elementor-button-wrapper\">\n\t\t\t<a href=\"https:\/\/br10.brentex-webprojekt.ch\/fr\/luftungsgerate\/\" class=\"elementor-button-link elementor-button elementor-size-sm\" role=\"button\">\n\t\t\t\t\t\t<span class=\"elementor-button-content-wrapper\">\n\t\t\t\t\t\t<span class=\"elementor-button-text\">En savoir plus<\/span>\n\t\t<\/span>\n\t\t\t\t\t<\/a>\n\t\t<\/div>\n\t\t\t\t<\/div>\n\t\t\t\t<\/div>\n\t\t\t\t\t\t<\/div>\n\t\t\t\t\t<\/div>\n\t\t<\/div>\n\t\t\t\t\t\t\t\t<\/div>\n\t\t\t\t\t<\/div>\n\t\t<\/section>\n\t\t\t\t\t\t\t<\/div>\n\t\t\t\t<\/div>\n\t\t\t\t<\/article>\n\t\t\t\t<article id=\"post-36425\" class=\"elementor-post elementor-grid-item ecs-post-loop post-36425 post type-post status-publish format-standard has-post-thumbnail hentry category-technisches-material\">\n\t\t\t\t<div data-elementor-type=\"loop\" data-elementor-id=\"31379\" class=\"elementor elementor-31379 post-36425 post type-post status-publish format-standard has-post-thumbnail hentry category-technisches-material\" data-elementor-settings=\"[]\">\n\t\t\t\t\t<div class=\"elementor-section-wrap\">\n\t\t\t\t\t\t\t\t<section class=\"elementor-section elementor-top-section elementor-element elementor-element-1508c92 elementor-section-height-min-height elementor-section-items-top elementor-section-boxed elementor-section-height-default\" data-id=\"1508c92\" data-element_type=\"section\" data-settings=\"{&quot;_ha_eqh_enable&quot;:false}\">\n\t\t\t\t\t\t<div class=\"elementor-container elementor-column-gap-default\">\n\t\t\t\t\t\t\t<div class=\"elementor-row\">\n\t\t\t\t\t<div data-ha-element-link=\"{&quot;url&quot;:&quot;https:\\\/\\\/br10.brentex-webprojekt.ch\\\/fr\\\/stromerzeuger\\\/&quot;,&quot;is_external&quot;:&quot;&quot;,&quot;nofollow&quot;:&quot;&quot;,&quot;custom_attributes&quot;:&quot;&quot;}\" style=\"cursor: pointer\" class=\"elementor-column elementor-col-100 elementor-top-column elementor-element elementor-element-59c5858\" data-id=\"59c5858\" data-element_type=\"column\" data-settings=\"{&quot;background_background&quot;:&quot;classic&quot;}\">\n\t\t\t<div class=\"elementor-column-wrap elementor-element-populated\">\n\t\t\t\t\t\t\t<div class=\"elementor-widget-wrap\">\n\t\t\t\t\t\t<div class=\"elementor-element elementor-element-f37d60e elementor-widget elementor-widget-image\" data-id=\"f37d60e\" data-element_type=\"widget\" data-widget_type=\"image.default\">\n\t\t\t\t<div class=\"elementor-widget-container\">\n\t\t\t\t\t\t\t\t<div class=\"elementor-image\">\n\t\t\t\t\t\t\t\t\t\t\t\t<img decoding=\"async\" width=\"300\" height=\"300\" src=\"https:\/\/br10.brentex-webprojekt.ch\/wp-content\/uploads\/2022\/11\/strom.png\" class=\"attachment-large size-large\" alt=\"\" loading=\"lazy\" srcset=\"https:\/\/br10.brentex-webprojekt.ch\/wp-content\/uploads\/2022\/11\/strom.png 300w, https:\/\/br10.brentex-webprojekt.ch\/wp-content\/uploads\/2022\/11\/strom-150x150.png 150w\" sizes=\"(max-width: 300px) 100vw, 300px\" \/>\t\t\t\t\t\t\t\t\t\t\t\t\t\t<\/div>\n\t\t\t\t\t\t<\/div>\n\t\t\t\t<\/div>\n\t\t\t\t<div class=\"elementor-element elementor-element-9c8fd7d elementor-widget elementor-widget-heading\" data-id=\"9c8fd7d\" data-element_type=\"widget\" data-widget_type=\"heading.default\">\n\t\t\t\t<div class=\"elementor-widget-container\">\n\t\t\t<h2 class=\"elementor-heading-title elementor-size-default\">G\u00e9n\u00e9rateurs d'\u00e9lectricit\u00e9<\/h2>\t\t<\/div>\n\t\t\t\t<\/div>\n\t\t\t\t<div class=\"elementor-element elementor-element-e265846 elementor-widget__width-auto elementor-widget elementor-widget-button\" data-id=\"e265846\" data-element_type=\"widget\" data-widget_type=\"button.default\">\n\t\t\t\t<div class=\"elementor-widget-container\">\n\t\t\t\t\t<div class=\"elementor-button-wrapper\">\n\t\t\t<a href=\"https:\/\/br10.brentex-webprojekt.ch\/fr\/stromerzeuger\/\" class=\"elementor-button-link elementor-button elementor-size-sm\" role=\"button\">\n\t\t\t\t\t\t<span class=\"elementor-button-content-wrapper\">\n\t\t\t\t\t\t<span class=\"elementor-button-text\">En savoir plus<\/span>\n\t\t<\/span>\n\t\t\t\t\t<\/a>\n\t\t<\/div>\n\t\t\t\t<\/div>\n\t\t\t\t<\/div>\n\t\t\t\t\t\t<\/div>\n\t\t\t\t\t<\/div>\n\t\t<\/div>\n\t\t\t\t\t\t\t\t<\/div>\n\t\t\t\t\t<\/div>\n\t\t<\/section>\n\t\t\t\t\t\t\t<\/div>\n\t\t\t\t<\/div>\n\t\t\t\t<\/article>\n\t\t\t\t<\/div>\n\t\t\t\t<\/div>\n\t\t\t\t<\/div>\n\t\t\t\t\t\t<\/div>\n\t\t\t\t\t<\/div>\n\t\t<\/div>\n\t\t\t\t\t\t\t\t<\/div>\n\t\t\t\t\t<\/div>\n\t\t<\/section>\n\t\t\t\t\t\t<\/div>\n\t\t\t\t\t\t<\/div>\n\t\t\t\t\t<\/div>","protected":false},"excerpt":{"rendered":"<p>Produkte Technisches Material Technisches Material Technisches Material Wasserwehr L\u00fcftungsger\u00e4te Stromerzeuger<\/p>","protected":false},"author":1,"featured_media":32459,"parent":0,"menu_order":8,"comment_status":"closed","ping_status":"closed","template":"elementor_header_footer","meta":[],"yoast_head":"<!-- This site is optimized with the Yoast SEO plugin v18.3 - https:\/\/yoast.com\/wordpress\/plugins\/seo\/ -->\n<title>Technisches Material - Rovia GmbH<\/title>\n<meta name=\"robots\" content=\"index, follow, max-snippet:-1, max-image-preview:large, max-video-preview:-1\" \/>\n<link rel=\"canonical\" href=\"https:\/\/br10.brentex-webprojekt.ch\/fr\/technisches-material\/\" \/>\n<meta property=\"og:locale\" content=\"fr_FR\" \/>\n<meta property=\"og:type\" content=\"article\" \/>\n<meta property=\"og:title\" content=\"Technisches Material - Rovia GmbH\" \/>\n<meta property=\"og:description\" content=\"Produkte Technisches Material Technisches Material Technisches Material Wasserwehr L\u00fcftungsger\u00e4te Stromerzeuger\" \/>\n<meta property=\"og:url\" content=\"https:\/\/br10.brentex-webprojekt.ch\/fr\/technisches-material\/\" \/>\n<meta property=\"og:site_name\" content=\"Rovia GmbH\" \/>\n<meta property=\"article:modified_time\" content=\"2022-11-04T19:23:19+00:00\" \/>\n<meta property=\"og:image\" content=\"https:\/\/br10.brentex-webprojekt.ch\/wp-content\/uploads\/2022\/10\/V16-BD-SP-Alpina_2020-Bild-1-300x300-1-1.png\" \/>\n\t<meta property=\"og:image:width\" content=\"300\" \/>\n\t<meta property=\"og:image:height\" content=\"301\" \/>\n\t<meta property=\"og:image:type\" content=\"image\/png\" \/>\n<meta name=\"twitter:card\" content=\"summary_large_image\" \/>\n<meta name=\"twitter:label1\" content=\"Dur\u00e9e de lecture estim\u00e9e\" \/>\n\t<meta name=\"twitter:data1\" content=\"4 minutes\" \/>\n<script type=\"application\/ld+json\" class=\"yoast-schema-graph\">{\"@context\":\"https:\/\/schema.org\",\"@graph\":[{\"@type\":\"WebSite\",\"@id\":\"https:\/\/www.rovia.ch\/#website\",\"url\":\"https:\/\/www.rovia.ch\/\",\"name\":\"Rovia GmbH\",\"description\":\"\",\"inLanguage\":\"fr-FR\"},{\"@type\":\"ImageObject\",\"@id\":\"https:\/\/br10.brentex-webprojekt.ch\/technisches-material\/#primaryimage\",\"inLanguage\":\"fr-FR\",\"url\":\"https:\/\/br10.brentex-webprojekt.ch\/wp-content\/uploads\/2022\/10\/V16-BD-SP-Alpina_2020-Bild-1-300x300-1-1.png\",\"contentUrl\":\"https:\/\/br10.brentex-webprojekt.ch\/wp-content\/uploads\/2022\/10\/V16-BD-SP-Alpina_2020-Bild-1-300x300-1-1.png\",\"width\":300,\"height\":301},{\"@type\":\"WebPage\",\"@id\":\"https:\/\/br10.brentex-webprojekt.ch\/technisches-material\/#webpage\",\"url\":\"https:\/\/br10.brentex-webprojekt.ch\/technisches-material\/\",\"name\":\"Technisches Material - Rovia GmbH\",\"isPartOf\":{\"@id\":\"https:\/\/www.rovia.ch\/#website\"},\"primaryImageOfPage\":{\"@id\":\"https:\/\/br10.brentex-webprojekt.ch\/technisches-material\/#primaryimage\"},\"datePublished\":\"2022-10-04T13:49:32+00:00\",\"dateModified\":\"2022-11-04T19:23:19+00:00\",\"breadcrumb\":{\"@id\":\"https:\/\/br10.brentex-webprojekt.ch\/technisches-material\/#breadcrumb\"},\"inLanguage\":\"fr-FR\",\"potentialAction\":[{\"@type\":\"ReadAction\",\"target\":[\"https:\/\/br10.brentex-webprojekt.ch\/technisches-material\/\"]}]},{\"@type\":\"BreadcrumbList\",\"@id\":\"https:\/\/br10.brentex-webprojekt.ch\/technisches-material\/#breadcrumb\",\"itemListElement\":[{\"@type\":\"ListItem\",\"position\":1,\"name\":\"Home\",\"item\":\"https:\/\/br10.brentex-webprojekt.ch\/\"},{\"@type\":\"ListItem\",\"position\":2,\"name\":\"Technisches Material\"}]}]}<\/script>\n<!-- \/ Yoast SEO plugin. -->","yoast_head_json":{"title":"Technisches Material - Rovia GmbH","robots":{"index":"index","follow":"follow","max-snippet":"max-snippet:-1","max-image-preview":"max-image-preview:large","max-video-preview":"max-video-preview:-1"},"canonical":"https:\/\/br10.brentex-webprojekt.ch\/fr\/technisches-material\/","og_locale":"fr_FR","og_type":"article","og_title":"Technisches Material - Rovia GmbH","og_description":"Produkte Technisches Material Technisches Material Technisches Material Wasserwehr L\u00fcftungsger\u00e4te Stromerzeuger","og_url":"https:\/\/br10.brentex-webprojekt.ch\/fr\/technisches-material\/","og_site_name":"Rovia GmbH","article_modified_time":"2022-11-04T19:23:19+00:00","og_image":[{"width":300,"height":301,"url":"https:\/\/br10.brentex-webprojekt.ch\/wp-content\/uploads\/2022\/10\/V16-BD-SP-Alpina_2020-Bild-1-300x300-1-1.png","type":"image\/png"}],"twitter_card":"summary_large_image","twitter_misc":{"Dur\u00e9e de lecture estim\u00e9e":"4 minutes"},"schema":{"@context":"https:\/\/schema.org","@graph":[{"@type":"WebSite","@id":"https:\/\/www.rovia.ch\/#website","url":"https:\/\/www.rovia.ch\/","name":"Rovia GmbH","description":"","inLanguage":"fr-FR"},{"@type":"ImageObject","@id":"https:\/\/br10.brentex-webprojekt.ch\/technisches-material\/#primaryimage","inLanguage":"fr-FR","url":"https:\/\/br10.brentex-webprojekt.ch\/wp-content\/uploads\/2022\/10\/V16-BD-SP-Alpina_2020-Bild-1-300x300-1-1.png","contentUrl":"https:\/\/br10.brentex-webprojekt.ch\/wp-content\/uploads\/2022\/10\/V16-BD-SP-Alpina_2020-Bild-1-300x300-1-1.png","width":300,"height":301},{"@type":"WebPage","@id":"https:\/\/br10.brentex-webprojekt.ch\/technisches-material\/#webpage","url":"https:\/\/br10.brentex-webprojekt.ch\/technisches-material\/","name":"Technisches Material - Rovia GmbH","isPartOf":{"@id":"https:\/\/www.rovia.ch\/#website"},"primaryImageOfPage":{"@id":"https:\/\/br10.brentex-webprojekt.ch\/technisches-material\/#primaryimage"},"datePublished":"2022-10-04T13:49:32+00:00","dateModified":"2022-11-04T19:23:19+00:00","breadcrumb":{"@id":"https:\/\/br10.brentex-webprojekt.ch\/technisches-material\/#breadcrumb"},"inLanguage":"fr-FR","potentialAction":[{"@type":"ReadAction","target":["https:\/\/br10.brentex-webprojekt.ch\/technisches-material\/"]}]},{"@type":"BreadcrumbList","@id":"https:\/\/br10.brentex-webprojekt.ch\/technisches-material\/#breadcrumb","itemListElement":[{"@type":"ListItem","position":1,"name":"Home","item":"https:\/\/br10.brentex-webprojekt.ch\/"},{"@type":"ListItem","position":2,"name":"Technisches Material"}]}]}},"_links":{"self":[{"href":"https:\/\/br10.brentex-webprojekt.ch\/fr\/wp-json\/wp\/v2\/pages\/29772"}],"collection":[{"href":"https:\/\/br10.brentex-webprojekt.ch\/fr\/wp-json\/wp\/v2\/pages"}],"about":[{"href":"https:\/\/br10.brentex-webprojekt.ch\/fr\/wp-json\/wp\/v2\/types\/page"}],"author":[{"embeddable":true,"href":"https:\/\/br10.brentex-webprojekt.ch\/fr\/wp-json\/wp\/v2\/users\/1"}],"replies":[{"embeddable":true,"href":"https:\/\/br10.brentex-webprojekt.ch\/fr\/wp-json\/wp\/v2\/comments?post=29772"}],"version-history":[{"count":28,"href":"https:\/\/br10.brentex-webprojekt.ch\/fr\/wp-json\/wp\/v2\/pages\/29772\/revisions"}],"predecessor-version":[{"id":38052,"href":"https:\/\/br10.brentex-webprojekt.ch\/fr\/wp-json\/wp\/v2\/pages\/29772\/revisions\/38052"}],"wp:featuredmedia":[{"embeddable":true,"href":"https:\/\/br10.brentex-webprojekt.ch\/fr\/wp-json\/wp\/v2\/media\/32459"}],"wp:attachment":[{"href":"https:\/\/br10.brentex-webprojekt.ch\/fr\/wp-json\/wp\/v2\/media?parent=29772"}],"curies":[{"name":"wp","href":"https:\/\/api.w.org\/{rel}","templated":true}]}}