{"id":28963,"date":"2022-09-16T10:33:48","date_gmt":"2022-09-16T08:33:48","guid":{"rendered":"https:\/\/br10.brentex-webprojekt.ch\/?page_id=28963"},"modified":"2022-11-11T18:58:42","modified_gmt":"2022-11-11T17:58:42","slug":"offene-stellen","status":"publish","type":"page","link":"https:\/\/br10.brentex-webprojekt.ch\/fr\/uber-uns\/offene-stellen\/","title":{"rendered":"Postes \u00e0 pourvoir"},"content":{"rendered":"<div data-elementor-type=\"wp-page\" data-elementor-id=\"28963\" class=\"elementor elementor-28963\" data-elementor-settings=\"[]\">\n\t\t\t\t\t\t<div class=\"elementor-inner\">\n\t\t\t\t\t\t\t<div class=\"elementor-section-wrap\">\n\t\t\t\t\t\t\t<section class=\"elementor-section elementor-top-section elementor-element elementor-element-a95fa09 elementor-section-height-min-height elementor-section-items-stretch elementor-reverse-tablet elementor-reverse-mobile elementor-section-boxed elementor-section-height-default\" data-id=\"a95fa09\" data-element_type=\"section\" data-settings=\"{&quot;background_background&quot;:&quot;classic&quot;,&quot;_ha_eqh_enable&quot;:false}\">\n\t\t\t\t\t\t<div class=\"elementor-container elementor-column-gap-default\">\n\t\t\t\t\t\t\t<div class=\"elementor-row\">\n\t\t\t\t\t<div class=\"elementor-column elementor-col-50 elementor-top-column elementor-element elementor-element-2c20acf\" data-id=\"2c20acf\" data-element_type=\"column\" data-settings=\"{&quot;background_background&quot;:&quot;classic&quot;}\">\n\t\t\t<div class=\"elementor-column-wrap elementor-element-populated\">\n\t\t\t\t\t\t\t<div class=\"elementor-widget-wrap\">\n\t\t\t\t\t\t<div class=\"elementor-element elementor-element-10966b2 elementor-widget elementor-widget-spacer\" data-id=\"10966b2\" data-element_type=\"widget\" data-widget_type=\"spacer.default\">\n\t\t\t\t<div class=\"elementor-widget-container\">\n\t\t\t\t\t<div class=\"elementor-spacer\">\n\t\t\t<div class=\"elementor-spacer-inner\"><\/div>\n\t\t<\/div>\n\t\t\t\t<\/div>\n\t\t\t\t<\/div>\n\t\t\t\t\t\t<\/div>\n\t\t\t\t\t<\/div>\n\t\t<\/div>\n\t\t\t\t<div class=\"elementor-column elementor-col-50 elementor-top-column elementor-element elementor-element-a8cbd92\" data-id=\"a8cbd92\" data-element_type=\"column\">\n\t\t\t<div class=\"elementor-column-wrap elementor-element-populated\">\n\t\t\t\t\t\t\t<div class=\"elementor-widget-wrap\">\n\t\t\t\t\t\t<div class=\"elementor-element elementor-element-7fe3b18 elementor-list-item-link-inline elementor-icon-list--layout-traditional elementor-widget elementor-widget-icon-list\" data-id=\"7fe3b18\" data-element_type=\"widget\" data-widget_type=\"icon-list.default\">\n\t\t\t\t<div class=\"elementor-widget-container\">\n\t\t\t\t\t<ul class=\"elementor-icon-list-items\">\n\t\t\t\t\t\t\t<li class=\"elementor-icon-list-item\">\n\t\t\t\t\t\t\t\t\t\t\t<span class=\"elementor-icon-list-icon\">\n\t\t\t\t\t\t\t<i aria-hidden=\"true\" class=\"fas fa-chevron-circle-right\"><\/i>\t\t\t\t\t\t<\/span>\n\t\t\t\t\t\t\t\t\t\t<span class=\"elementor-icon-list-text\">Postes \u00e0 pourvoir<\/span>\n\t\t\t\t\t\t\t\t\t<\/li>\n\t\t\t\t\t\t<\/ul>\n\t\t\t\t<\/div>\n\t\t\t\t<\/div>\n\t\t\t\t<div class=\"elementor-element elementor-element-448da12 elementor-widget elementor-widget-heading\" data-id=\"448da12\" data-element_type=\"widget\" data-widget_type=\"heading.default\">\n\t\t\t\t<div class=\"elementor-widget-container\">\n\t\t\t<h2 class=\"elementor-heading-title elementor-size-default\">Int\u00e9ress\u00e9 par un nouveau d\u00e9fi?<\/h2>\t\t<\/div>\n\t\t\t\t<\/div>\n\t\t\t\t<div class=\"elementor-element elementor-element-ad83c72 elementor-widget elementor-widget-text-editor\" data-id=\"ad83c72\" data-element_type=\"widget\" data-widget_type=\"text-editor.default\">\n\t\t\t\t<div class=\"elementor-widget-container\">\n\t\t\t\t\t\t\t\t<div class=\"elementor-text-editor elementor-clearfix\">\n\t\t\t\t<p>Nous sommes ravis de l'int\u00e9r\u00eat que vous portez \u00e0 notre offre d'emploi. Pour l'instant, notre \u00e9quipe est compl\u00e8te.\u00a0<\/p>\t\t\t\t\t<\/div>\n\t\t\t\t\t\t<\/div>\n\t\t\t\t<\/div>\n\t\t\t\t\t\t<\/div>\n\t\t\t\t\t<\/div>\n\t\t<\/div>\n\t\t\t\t\t\t\t\t<\/div>\n\t\t\t\t\t<\/div>\n\t\t<\/section>\n\t\t\t\t<section class=\"elementor-section elementor-top-section elementor-element elementor-element-42dfbe5 elementor-section-boxed elementor-section-height-default elementor-section-height-default\" data-id=\"42dfbe5\" data-element_type=\"section\" data-settings=\"{&quot;background_background&quot;:&quot;classic&quot;,&quot;_ha_eqh_enable&quot;:false}\">\n\t\t\t\t\t\t<div class=\"elementor-container elementor-column-gap-default\">\n\t\t\t\t\t\t\t<div class=\"elementor-row\">\n\t\t\t\t\t<div class=\"elementor-column elementor-col-100 elementor-top-column elementor-element elementor-element-67f9eb9\" data-id=\"67f9eb9\" data-element_type=\"column\">\n\t\t\t<div class=\"elementor-column-wrap elementor-element-populated\">\n\t\t\t\t\t\t\t<div class=\"elementor-widget-wrap\">\n\t\t\t\t\t\t<div class=\"elementor-element elementor-element-fdaa875 elementor-widget elementor-widget-heading\" data-id=\"fdaa875\" data-element_type=\"widget\" data-settings=\"{&quot;motion_fx_motion_fx_scrolling&quot;:&quot;yes&quot;,&quot;motion_fx_opacity_effect&quot;:&quot;yes&quot;,&quot;motion_fx_opacity_direction&quot;:&quot;out-in-out&quot;,&quot;motion_fx_opacity_range&quot;:{&quot;unit&quot;:&quot;%&quot;,&quot;size&quot;:&quot;&quot;,&quot;sizes&quot;:{&quot;start&quot;:20,&quot;end&quot;:85}},&quot;motion_fx_opacity_level&quot;:{&quot;unit&quot;:&quot;px&quot;,&quot;size&quot;:10,&quot;sizes&quot;:[]},&quot;motion_fx_devices&quot;:[&quot;desktop&quot;,&quot;tablet&quot;,&quot;mobile&quot;]}\" data-widget_type=\"heading.default\">\n\t\t\t\t<div class=\"elementor-widget-container\">\n\t\t\t<h2 class=\"elementor-heading-title elementor-size-default\">ROVIA SARL<\/h2>\t\t<\/div>\n\t\t\t\t<\/div>\n\t\t\t\t<section class=\"elementor-section elementor-inner-section elementor-element elementor-element-dafa6ac elementor-section-full_width elementor-section-height-default elementor-section-height-default\" data-id=\"dafa6ac\" data-element_type=\"section\" data-settings=\"{&quot;_ha_eqh_enable&quot;:false}\">\n\t\t\t\t\t\t<div class=\"elementor-container elementor-column-gap-default\">\n\t\t\t\t\t\t\t<div class=\"elementor-row\">\n\t\t\t\t\t<div class=\"elementor-column elementor-col-50 elementor-inner-column elementor-element elementor-element-e9ad99d\" data-id=\"e9ad99d\" data-element_type=\"column\">\n\t\t\t<div class=\"elementor-column-wrap elementor-element-populated\">\n\t\t\t\t\t\t\t<div class=\"elementor-widget-wrap\">\n\t\t\t\t\t\t<div class=\"elementor-element elementor-element-ecff58e elementor-widget elementor-widget-heading\" data-id=\"ecff58e\" data-element_type=\"widget\" data-widget_type=\"heading.default\">\n\t\t\t\t<div class=\"elementor-widget-container\">\n\t\t\t<h2 class=\"elementor-heading-title elementor-size-default\">Tu cherches une place d'apprentissage dans une entreprise passionnante et vari\u00e9e?<\/h2>\t\t<\/div>\n\t\t\t\t<\/div>\n\t\t\t\t<div class=\"elementor-element elementor-element-97fd08a elementor-widget elementor-widget-text-editor\" data-id=\"97fd08a\" data-element_type=\"widget\" data-widget_type=\"text-editor.default\">\n\t\t\t\t<div class=\"elementor-widget-container\">\n\t\t\t\t\t\t\t\t<div class=\"elementor-text-editor elementor-clearfix\">\n\t\t\t\tLa formation des jeunes nous tient \u00e0 c\u0153ur. C'est pourquoi nous proposons chaque ann\u00e9e une place d'apprentissage d'employ\u00e9(e) de commerce CFC. Un quotidien vari\u00e9 et des d\u00e9fis passionnants t'attendent chez nous. Tu souhaites poser ta premi\u00e8re pierre professionnelle chez Rovia S\u00e0rl? Alors envoie-nous ta candidature ou appelle-nous. Nous sommes \u00e0 ta disposition pour tout renseignement compl\u00e9mentaire. Nous nous r\u00e9jouissons de t'accueillir.\t\t\t\t\t<\/div>\n\t\t\t\t\t\t<\/div>\n\t\t\t\t<\/div>\n\t\t\t\t\t\t<\/div>\n\t\t\t\t\t<\/div>\n\t\t<\/div>\n\t\t\t\t<div class=\"elementor-column elementor-col-50 elementor-inner-column elementor-element elementor-element-84b83a7\" data-id=\"84b83a7\" data-element_type=\"column\" data-settings=\"{&quot;background_background&quot;:&quot;classic&quot;}\">\n\t\t\t<div class=\"elementor-column-wrap elementor-element-populated\">\n\t\t\t\t\t\t\t<div class=\"elementor-widget-wrap\">\n\t\t\t\t\t\t<div class=\"elementor-element elementor-element-7c5076d elementor-widget elementor-widget-spacer\" data-id=\"7c5076d\" data-element_type=\"widget\" data-widget_type=\"spacer.default\">\n\t\t\t\t<div class=\"elementor-widget-container\">\n\t\t\t\t\t<div class=\"elementor-spacer\">\n\t\t\t<div class=\"elementor-spacer-inner\"><\/div>\n\t\t<\/div>\n\t\t\t\t<\/div>\n\t\t\t\t<\/div>\n\t\t\t\t\t\t<\/div>\n\t\t\t\t\t<\/div>\n\t\t<\/div>\n\t\t\t\t\t\t\t\t<\/div>\n\t\t\t\t\t<\/div>\n\t\t<\/section>\n\t\t\t\t\t\t<\/div>\n\t\t\t\t\t<\/div>\n\t\t<\/div>\n\t\t\t\t\t\t\t\t<\/div>\n\t\t\t\t\t<\/div>\n\t\t<\/section>\n\t\t\t\t\t\t<\/div>\n\t\t\t\t\t\t<\/div>\n\t\t\t\t\t<\/div>","protected":false},"excerpt":{"rendered":"<p>Offene Stellen Interessiert an einer neuen Herausforderung? Ihr Interesse an unserem Job Angebot freut uns sehr. Momentan ist unser Team jedoch komplett.\u00a0 Rovia GmbH Suchst du eine Lehrstelle, in einem spannenden und abwechslungsreichen Betrieb? Die Ausbildung von jungen Menschen liegt uns am Herzen. Deshalb bieten wir jedes Jahr eine Lehrstelle zum Kaufmann\/zur Kauffrau EFZ an. [&hellip;]<\/p>","protected":false},"author":1,"featured_media":0,"parent":28855,"menu_order":2,"comment_status":"closed","ping_status":"closed","template":"elementor_header_footer","meta":[],"yoast_head":"<!-- This site is optimized with the Yoast SEO plugin v18.3 - https:\/\/yoast.com\/wordpress\/plugins\/seo\/ -->\n<title>Offene Stellen - Rovia GmbH<\/title>\n<meta name=\"robots\" content=\"index, follow, max-snippet:-1, max-image-preview:large, max-video-preview:-1\" \/>\n<link rel=\"canonical\" href=\"https:\/\/br10.brentex-webprojekt.ch\/fr\/uber-uns\/offene-stellen\/\" \/>\n<meta property=\"og:locale\" content=\"fr_FR\" \/>\n<meta property=\"og:type\" content=\"article\" \/>\n<meta property=\"og:title\" content=\"Offene Stellen - Rovia GmbH\" \/>\n<meta property=\"og:description\" content=\"Offene Stellen Interessiert an einer neuen Herausforderung? Ihr Interesse an unserem Job Angebot freut uns sehr. Momentan ist unser Team jedoch komplett.\u00a0 Rovia GmbH Suchst du eine Lehrstelle, in einem spannenden und abwechslungsreichen Betrieb? Die Ausbildung von jungen Menschen liegt uns am Herzen. Deshalb bieten wir jedes Jahr eine Lehrstelle zum Kaufmann\/zur Kauffrau EFZ an. [&hellip;]\" \/>\n<meta property=\"og:url\" content=\"https:\/\/br10.brentex-webprojekt.ch\/fr\/uber-uns\/offene-stellen\/\" \/>\n<meta property=\"og:site_name\" content=\"Rovia GmbH\" \/>\n<meta property=\"article:modified_time\" content=\"2022-11-11T17:58:42+00:00\" \/>\n<meta name=\"twitter:card\" content=\"summary_large_image\" \/>\n<meta name=\"twitter:label1\" content=\"Dur\u00e9e de lecture estim\u00e9e\" \/>\n\t<meta name=\"twitter:data1\" content=\"1 minute\" \/>\n<script type=\"application\/ld+json\" class=\"yoast-schema-graph\">{\"@context\":\"https:\/\/schema.org\",\"@graph\":[{\"@type\":\"WebSite\",\"@id\":\"https:\/\/www.rovia.ch\/#website\",\"url\":\"https:\/\/www.rovia.ch\/\",\"name\":\"Rovia GmbH\",\"description\":\"\",\"inLanguage\":\"fr-FR\"},{\"@type\":\"WebPage\",\"@id\":\"https:\/\/br10.brentex-webprojekt.ch\/uber-uns\/offene-stellen\/#webpage\",\"url\":\"https:\/\/br10.brentex-webprojekt.ch\/uber-uns\/offene-stellen\/\",\"name\":\"Offene Stellen - Rovia GmbH\",\"isPartOf\":{\"@id\":\"https:\/\/www.rovia.ch\/#website\"},\"datePublished\":\"2022-09-16T08:33:48+00:00\",\"dateModified\":\"2022-11-11T17:58:42+00:00\",\"breadcrumb\":{\"@id\":\"https:\/\/br10.brentex-webprojekt.ch\/uber-uns\/offene-stellen\/#breadcrumb\"},\"inLanguage\":\"fr-FR\",\"potentialAction\":[{\"@type\":\"ReadAction\",\"target\":[\"https:\/\/br10.brentex-webprojekt.ch\/uber-uns\/offene-stellen\/\"]}]},{\"@type\":\"BreadcrumbList\",\"@id\":\"https:\/\/br10.brentex-webprojekt.ch\/uber-uns\/offene-stellen\/#breadcrumb\",\"itemListElement\":[{\"@type\":\"ListItem\",\"position\":1,\"name\":\"Home\",\"item\":\"https:\/\/br10.brentex-webprojekt.ch\/\"},{\"@type\":\"ListItem\",\"position\":2,\"name\":\"\u00dcber uns\",\"item\":\"https:\/\/br10.brentex-webprojekt.ch\/uber-uns\/\"},{\"@type\":\"ListItem\",\"position\":3,\"name\":\"Offene Stellen\"}]}]}<\/script>\n<!-- \/ Yoast SEO plugin. -->","yoast_head_json":{"title":"Offene Stellen - Rovia GmbH","robots":{"index":"index","follow":"follow","max-snippet":"max-snippet:-1","max-image-preview":"max-image-preview:large","max-video-preview":"max-video-preview:-1"},"canonical":"https:\/\/br10.brentex-webprojekt.ch\/fr\/uber-uns\/offene-stellen\/","og_locale":"fr_FR","og_type":"article","og_title":"Offene Stellen - Rovia GmbH","og_description":"Offene Stellen Interessiert an einer neuen Herausforderung? Ihr Interesse an unserem Job Angebot freut uns sehr. Momentan ist unser Team jedoch komplett.\u00a0 Rovia GmbH Suchst du eine Lehrstelle, in einem spannenden und abwechslungsreichen Betrieb? Die Ausbildung von jungen Menschen liegt uns am Herzen. Deshalb bieten wir jedes Jahr eine Lehrstelle zum Kaufmann\/zur Kauffrau EFZ an. [&hellip;]","og_url":"https:\/\/br10.brentex-webprojekt.ch\/fr\/uber-uns\/offene-stellen\/","og_site_name":"Rovia GmbH","article_modified_time":"2022-11-11T17:58:42+00:00","twitter_card":"summary_large_image","twitter_misc":{"Dur\u00e9e de lecture estim\u00e9e":"1 minute"},"schema":{"@context":"https:\/\/schema.org","@graph":[{"@type":"WebSite","@id":"https:\/\/www.rovia.ch\/#website","url":"https:\/\/www.rovia.ch\/","name":"Rovia GmbH","description":"","inLanguage":"fr-FR"},{"@type":"WebPage","@id":"https:\/\/br10.brentex-webprojekt.ch\/uber-uns\/offene-stellen\/#webpage","url":"https:\/\/br10.brentex-webprojekt.ch\/uber-uns\/offene-stellen\/","name":"Offene Stellen - Rovia GmbH","isPartOf":{"@id":"https:\/\/www.rovia.ch\/#website"},"datePublished":"2022-09-16T08:33:48+00:00","dateModified":"2022-11-11T17:58:42+00:00","breadcrumb":{"@id":"https:\/\/br10.brentex-webprojekt.ch\/uber-uns\/offene-stellen\/#breadcrumb"},"inLanguage":"fr-FR","potentialAction":[{"@type":"ReadAction","target":["https:\/\/br10.brentex-webprojekt.ch\/uber-uns\/offene-stellen\/"]}]},{"@type":"BreadcrumbList","@id":"https:\/\/br10.brentex-webprojekt.ch\/uber-uns\/offene-stellen\/#breadcrumb","itemListElement":[{"@type":"ListItem","position":1,"name":"Home","item":"https:\/\/br10.brentex-webprojekt.ch\/"},{"@type":"ListItem","position":2,"name":"\u00dcber uns","item":"https:\/\/br10.brentex-webprojekt.ch\/uber-uns\/"},{"@type":"ListItem","position":3,"name":"Offene Stellen"}]}]}},"_links":{"self":[{"href":"https:\/\/br10.brentex-webprojekt.ch\/fr\/wp-json\/wp\/v2\/pages\/28963"}],"collection":[{"href":"https:\/\/br10.brentex-webprojekt.ch\/fr\/wp-json\/wp\/v2\/pages"}],"about":[{"href":"https:\/\/br10.brentex-webprojekt.ch\/fr\/wp-json\/wp\/v2\/types\/page"}],"author":[{"embeddable":true,"href":"https:\/\/br10.brentex-webprojekt.ch\/fr\/wp-json\/wp\/v2\/users\/1"}],"replies":[{"embeddable":true,"href":"https:\/\/br10.brentex-webprojekt.ch\/fr\/wp-json\/wp\/v2\/comments?post=28963"}],"version-history":[{"count":91,"href":"https:\/\/br10.brentex-webprojekt.ch\/fr\/wp-json\/wp\/v2\/pages\/28963\/revisions"}],"predecessor-version":[{"id":39687,"href":"https:\/\/br10.brentex-webprojekt.ch\/fr\/wp-json\/wp\/v2\/pages\/28963\/revisions\/39687"}],"up":[{"embeddable":true,"href":"https:\/\/br10.brentex-webprojekt.ch\/fr\/wp-json\/wp\/v2\/pages\/28855"}],"wp:attachment":[{"href":"https:\/\/br10.brentex-webprojekt.ch\/fr\/wp-json\/wp\/v2\/media?parent=28963"}],"curies":[{"name":"wp","href":"https:\/\/api.w.org\/{rel}","templated":true}]}}