{"id":28959,"date":"2022-09-16T10:32:39","date_gmt":"2022-09-16T08:32:39","guid":{"rendered":"https:\/\/br10.brentex-webprojekt.ch\/?page_id=28959"},"modified":"2022-11-15T11:09:12","modified_gmt":"2022-11-15T10:09:12","slug":"service","status":"publish","type":"page","link":"https:\/\/br10.brentex-webprojekt.ch\/fr\/service\/","title":{"rendered":"Services"},"content":{"rendered":"<div data-elementor-type=\"wp-page\" data-elementor-id=\"28959\" class=\"elementor elementor-28959\" data-elementor-settings=\"[]\">\n\t\t\t\t\t\t<div class=\"elementor-inner\">\n\t\t\t\t\t\t\t<div class=\"elementor-section-wrap\">\n\t\t\t\t\t\t\t<section class=\"elementor-section elementor-top-section elementor-element elementor-element-59c2951 elementor-section-height-min-height elementor-section-items-stretch elementor-section-boxed elementor-section-height-default\" data-id=\"59c2951\" data-element_type=\"section\" data-settings=\"{&quot;background_background&quot;:&quot;classic&quot;,&quot;_ha_eqh_enable&quot;:false}\">\n\t\t\t\t\t\t<div class=\"elementor-container elementor-column-gap-default\">\n\t\t\t\t\t\t\t<div class=\"elementor-row\">\n\t\t\t\t\t<div class=\"elementor-column elementor-col-100 elementor-top-column elementor-element elementor-element-126998d\" data-id=\"126998d\" data-element_type=\"column\">\n\t\t\t<div class=\"elementor-column-wrap elementor-element-populated\">\n\t\t\t\t\t\t\t<div class=\"elementor-widget-wrap\">\n\t\t\t\t\t\t<div class=\"elementor-element elementor-element-1fe1ab6 elementor-list-item-link-inline elementor-icon-list--layout-traditional elementor-widget elementor-widget-icon-list\" data-id=\"1fe1ab6\" data-element_type=\"widget\" data-widget_type=\"icon-list.default\">\n\t\t\t\t<div class=\"elementor-widget-container\">\n\t\t\t\t\t<ul class=\"elementor-icon-list-items\">\n\t\t\t\t\t\t\t<li class=\"elementor-icon-list-item\">\n\t\t\t\t\t\t\t\t\t\t\t<span class=\"elementor-icon-list-icon\">\n\t\t\t\t\t\t\t<i aria-hidden=\"true\" class=\"fas fa-chevron-circle-right\"><\/i>\t\t\t\t\t\t<\/span>\n\t\t\t\t\t\t\t\t\t\t<span class=\"elementor-icon-list-text\">Services<\/span>\n\t\t\t\t\t\t\t\t\t<\/li>\n\t\t\t\t\t\t<\/ul>\n\t\t\t\t<\/div>\n\t\t\t\t<\/div>\n\t\t\t\t<div class=\"elementor-element elementor-element-a6ea93d elementor-widget elementor-widget-heading\" data-id=\"a6ea93d\" data-element_type=\"widget\" data-widget_type=\"heading.default\">\n\t\t\t\t<div class=\"elementor-widget-container\">\n\t\t\t<h2 class=\"elementor-heading-title elementor-size-default\">Professionnalisme du personnel et du service<\/h2>\t\t<\/div>\n\t\t\t\t<\/div>\n\t\t\t\t<div class=\"elementor-element elementor-element-18a4194 elementor-widget elementor-widget-text-editor\" data-id=\"18a4194\" data-element_type=\"widget\" data-widget_type=\"text-editor.default\">\n\t\t\t\t<div class=\"elementor-widget-container\">\n\t\t\t\t\t\t\t\t<div class=\"elementor-text-editor elementor-clearfix\">\n\t\t\t\t<p>Nos \u00e9quipements Holmatro sont utilis\u00e9s pour sauver des vies. L'ensemble de l'\u00e9quipement Holmatro doit \u00eatre fiable et fonctionner correctement dans toutes les conditions lors d'interventions sp\u00e9ciales. Gr\u00e2ce \u00e0 notre bus de service \u00e9quip\u00e9 d'appareils de contr\u00f4le les plus modernes, nous sommes en mesure de contr\u00f4ler directement sur place chaque appareil ainsi que les coussins de levage. Notre offre de services comprend l'entretien, les \u00e9ventuelles r\u00e9parations, l'inspection annuelle et le contr\u00f4le de l'\u00e9quipement de sauvetage Holmatro.\u00a0<\/p>\t\t\t\t\t<\/div>\n\t\t\t\t\t\t<\/div>\n\t\t\t\t<\/div>\n\t\t\t\t\t\t<\/div>\n\t\t\t\t\t<\/div>\n\t\t<\/div>\n\t\t\t\t\t\t\t\t<\/div>\n\t\t\t\t\t<\/div>\n\t\t<\/section>\n\t\t\t\t<section class=\"elementor-section elementor-top-section elementor-element elementor-element-417c5cd elementor-section-boxed elementor-section-height-default elementor-section-height-default\" data-id=\"417c5cd\" data-element_type=\"section\" data-settings=\"{&quot;background_background&quot;:&quot;classic&quot;,&quot;_ha_eqh_enable&quot;:false}\">\n\t\t\t\t\t\t<div class=\"elementor-container elementor-column-gap-default\">\n\t\t\t\t\t\t\t<div class=\"elementor-row\">\n\t\t\t\t\t<div class=\"elementor-column elementor-col-100 elementor-top-column elementor-element elementor-element-5f4bdab\" data-id=\"5f4bdab\" data-element_type=\"column\">\n\t\t\t<div class=\"elementor-column-wrap elementor-element-populated\">\n\t\t\t\t\t\t\t<div class=\"elementor-widget-wrap\">\n\t\t\t\t\t\t<section class=\"elementor-section elementor-inner-section elementor-element elementor-element-bdae494 elementor-section-full_width elementor-reverse-tablet elementor-reverse-mobile elementor-section-height-default elementor-section-height-default\" data-id=\"bdae494\" data-element_type=\"section\" data-settings=\"{&quot;_ha_eqh_enable&quot;:false}\">\n\t\t\t\t\t\t<div class=\"elementor-container elementor-column-gap-default\">\n\t\t\t\t\t\t\t<div class=\"elementor-row\">\n\t\t\t\t\t<div class=\"elementor-column elementor-col-50 elementor-inner-column elementor-element elementor-element-ac0c389\" data-id=\"ac0c389\" data-element_type=\"column\" data-settings=\"{&quot;background_background&quot;:&quot;classic&quot;}\">\n\t\t\t<div class=\"elementor-column-wrap elementor-element-populated\">\n\t\t\t\t\t\t\t<div class=\"elementor-widget-wrap\">\n\t\t\t\t\t\t<section class=\"elementor-section elementor-inner-section elementor-element elementor-element-1c02ac1 elementor-section-height-min-height elementor-section-boxed elementor-section-height-default\" data-id=\"1c02ac1\" data-element_type=\"section\" data-settings=\"{&quot;_ha_eqh_enable&quot;:false}\">\n\t\t\t\t\t\t<div class=\"elementor-container elementor-column-gap-default\">\n\t\t\t\t\t\t\t<div class=\"elementor-row\">\n\t\t\t\t\t<div class=\"elementor-column elementor-col-100 elementor-inner-column elementor-element elementor-element-68d8f7b\" data-id=\"68d8f7b\" data-element_type=\"column\" data-settings=\"{&quot;background_background&quot;:&quot;classic&quot;}\">\n\t\t\t<div class=\"elementor-column-wrap elementor-element-populated\">\n\t\t\t\t\t\t\t<div class=\"elementor-widget-wrap\">\n\t\t\t\t\t\t<div class=\"elementor-element elementor-element-5a37a65 elementor-widget elementor-widget-spacer\" data-id=\"5a37a65\" data-element_type=\"widget\" data-widget_type=\"spacer.default\">\n\t\t\t\t<div class=\"elementor-widget-container\">\n\t\t\t\t\t<div class=\"elementor-spacer\">\n\t\t\t<div class=\"elementor-spacer-inner\"><\/div>\n\t\t<\/div>\n\t\t\t\t<\/div>\n\t\t\t\t<\/div>\n\t\t\t\t\t\t<\/div>\n\t\t\t\t\t<\/div>\n\t\t<\/div>\n\t\t\t\t\t\t\t\t<\/div>\n\t\t\t\t\t<\/div>\n\t\t<\/section>\n\t\t\t\t\t\t<\/div>\n\t\t\t\t\t<\/div>\n\t\t<\/div>\n\t\t\t\t<div class=\"elementor-column elementor-col-50 elementor-inner-column elementor-element elementor-element-e1e323a\" data-id=\"e1e323a\" data-element_type=\"column\">\n\t\t\t<div class=\"elementor-column-wrap elementor-element-populated\">\n\t\t\t\t\t\t\t<div class=\"elementor-widget-wrap\">\n\t\t\t\t\t\t<div class=\"elementor-element elementor-element-03c9c63 elementor-widget elementor-widget-heading\" data-id=\"03c9c63\" data-element_type=\"widget\" data-widget_type=\"heading.default\">\n\t\t\t\t<div class=\"elementor-widget-container\">\n\t\t\t<h2 class=\"elementor-heading-title elementor-size-default\">En route pour vous<\/h2>\t\t<\/div>\n\t\t\t\t<\/div>\n\t\t\t\t<div class=\"elementor-element elementor-element-22a47fb elementor-widget elementor-widget-text-editor\" data-id=\"22a47fb\" data-element_type=\"widget\" data-widget_type=\"text-editor.default\">\n\t\t\t\t<div class=\"elementor-widget-container\">\n\t\t\t\t\t\t\t\t<div class=\"elementor-text-editor elementor-clearfix\">\n\t\t\t\t<section class=\"av_textblock_section\"><div class=\"avia_textblock\"><section class=\"av_textblock_section\"><div class=\"avia_textblock\"><p><strong>Personnel professionnel, service professionnel<\/strong><\/p><p>Pour garantir la fiabilit\u00e9 et le bon \u00e9tat de vos produits Holmatro pendant toute leur dur\u00e9e de vie, nous mettons \u00e0 votre disposition nos experts de service qualifi\u00e9s. Nos experts de service sont form\u00e9s et certifi\u00e9s dans l'usine d'Holmatro et suivent une formation continue.<\/p><\/div><\/section><p><strong>Programme de service<br \/><\/strong>Le contr\u00f4le et la garantie de la force sont d\u00e9cisifs pour tous les produits Holmatro. Il faut pouvoir s'y fier \u00e0 chaque utilisation et en toutes circonstances. C'est pourquoi des travaux d'entretien r\u00e9guliers et une certification p\u00e9riodique sont tout aussi importants que l'utilisation consciente et s\u00fbre de vos appareils hydrauliques. Travailler en toute s\u00e9curit\u00e9 n'est pas seulement plus efficace et vital, cela contribue \u00e9galement \u00e0 prolonger la dur\u00e9e de vie des appareils. Nos appareils ont une dur\u00e9e de vie exceptionnelle, notamment gr\u00e2ce \u00e0 notre programme de service complet.<\/p><p><strong>Normes de s\u00e9curit\u00e9<br \/><\/strong>Nos appareils de sauvetage sont conformes aux principales normes de s\u00e9curit\u00e9 internationales NFPA 1936 et EN 13204.<\/p><p><strong>Qualit\u00e9, fiabilit\u00e9 &amp; innovation<br \/><\/strong>En tant que repr\u00e9sentant g\u00e9n\u00e9ral d'Holmatro en Suisse (Premium Servicecenter), nous misons sur une collaboration \u00e0 long terme avec les sapeurs-pompiers et nous vous soutenons dans tous les domaines.<\/p><\/div><\/section>\t\t\t\t\t<\/div>\n\t\t\t\t\t\t<\/div>\n\t\t\t\t<\/div>\n\t\t\t\t\t\t<\/div>\n\t\t\t\t\t<\/div>\n\t\t<\/div>\n\t\t\t\t\t\t\t\t<\/div>\n\t\t\t\t\t<\/div>\n\t\t<\/section>\n\t\t\t\t\t\t<\/div>\n\t\t\t\t\t<\/div>\n\t\t<\/div>\n\t\t\t\t\t\t\t\t<\/div>\n\t\t\t\t\t<\/div>\n\t\t<\/section>\n\t\t\t\t\t\t<\/div>\n\t\t\t\t\t\t<\/div>\n\t\t\t\t\t<\/div>","protected":false},"excerpt":{"rendered":"<p>Service Professionalit\u00e4t im Personal &#038; Service Unsere Holmatro-Ger\u00e4te werden eingesetzt, um Leben zu retten. Die gesamte Holmatro-Ausr\u00fcstung muss daher f\u00fcr Sondereins\u00e4tze zuverl\u00e4ssig und unter allen Bedingungen gut funktionieren. Dank unserem Servicebus &#8211; ausger\u00fcstet mit den modernsten Pr\u00fcfger\u00e4ten, sind wir in der Lage, direkt vor Ort, jedes Ger\u00e4t sowohl auch Hebekissen zu pr\u00fcfen. Unser Serviceangebot umfasst [&hellip;]<\/p>","protected":false},"author":1,"featured_media":0,"parent":0,"menu_order":13,"comment_status":"closed","ping_status":"closed","template":"elementor_header_footer","meta":[],"yoast_head":"<!-- This site is optimized with the Yoast SEO plugin v18.3 - https:\/\/yoast.com\/wordpress\/plugins\/seo\/ -->\n<title>Service - Rovia GmbH<\/title>\n<meta name=\"robots\" content=\"index, follow, max-snippet:-1, max-image-preview:large, max-video-preview:-1\" \/>\n<link rel=\"canonical\" href=\"https:\/\/br10.brentex-webprojekt.ch\/fr\/service\/\" \/>\n<meta property=\"og:locale\" content=\"fr_FR\" \/>\n<meta property=\"og:type\" content=\"article\" \/>\n<meta property=\"og:title\" content=\"Service - Rovia GmbH\" \/>\n<meta property=\"og:description\" content=\"Service Professionalit\u00e4t im Personal &#038; Service Unsere Holmatro-Ger\u00e4te werden eingesetzt, um Leben zu retten. Die gesamte Holmatro-Ausr\u00fcstung muss daher f\u00fcr Sondereins\u00e4tze zuverl\u00e4ssig und unter allen Bedingungen gut funktionieren. Dank unserem Servicebus &#8211; ausger\u00fcstet mit den modernsten Pr\u00fcfger\u00e4ten, sind wir in der Lage, direkt vor Ort, jedes Ger\u00e4t sowohl auch Hebekissen zu pr\u00fcfen. Unser Serviceangebot umfasst [&hellip;]\" \/>\n<meta property=\"og:url\" content=\"https:\/\/br10.brentex-webprojekt.ch\/fr\/service\/\" \/>\n<meta property=\"og:site_name\" content=\"Rovia GmbH\" \/>\n<meta property=\"article:modified_time\" content=\"2022-11-15T10:09:12+00:00\" \/>\n<meta name=\"twitter:card\" content=\"summary_large_image\" \/>\n<meta name=\"twitter:label1\" content=\"Dur\u00e9e de lecture estim\u00e9e\" \/>\n\t<meta name=\"twitter:data1\" content=\"1 minute\" \/>\n<script type=\"application\/ld+json\" class=\"yoast-schema-graph\">{\"@context\":\"https:\/\/schema.org\",\"@graph\":[{\"@type\":\"WebSite\",\"@id\":\"https:\/\/www.rovia.ch\/#website\",\"url\":\"https:\/\/www.rovia.ch\/\",\"name\":\"Rovia GmbH\",\"description\":\"\",\"inLanguage\":\"fr-FR\"},{\"@type\":\"WebPage\",\"@id\":\"https:\/\/br10.brentex-webprojekt.ch\/service\/#webpage\",\"url\":\"https:\/\/br10.brentex-webprojekt.ch\/service\/\",\"name\":\"Service - Rovia GmbH\",\"isPartOf\":{\"@id\":\"https:\/\/www.rovia.ch\/#website\"},\"datePublished\":\"2022-09-16T08:32:39+00:00\",\"dateModified\":\"2022-11-15T10:09:12+00:00\",\"breadcrumb\":{\"@id\":\"https:\/\/br10.brentex-webprojekt.ch\/service\/#breadcrumb\"},\"inLanguage\":\"fr-FR\",\"potentialAction\":[{\"@type\":\"ReadAction\",\"target\":[\"https:\/\/br10.brentex-webprojekt.ch\/service\/\"]}]},{\"@type\":\"BreadcrumbList\",\"@id\":\"https:\/\/br10.brentex-webprojekt.ch\/service\/#breadcrumb\",\"itemListElement\":[{\"@type\":\"ListItem\",\"position\":1,\"name\":\"Home\",\"item\":\"https:\/\/br10.brentex-webprojekt.ch\/\"},{\"@type\":\"ListItem\",\"position\":2,\"name\":\"Service\"}]}]}<\/script>\n<!-- \/ Yoast SEO plugin. -->","yoast_head_json":{"title":"Service - Rovia GmbH","robots":{"index":"index","follow":"follow","max-snippet":"max-snippet:-1","max-image-preview":"max-image-preview:large","max-video-preview":"max-video-preview:-1"},"canonical":"https:\/\/br10.brentex-webprojekt.ch\/fr\/service\/","og_locale":"fr_FR","og_type":"article","og_title":"Service - Rovia GmbH","og_description":"Service Professionalit\u00e4t im Personal &#038; Service Unsere Holmatro-Ger\u00e4te werden eingesetzt, um Leben zu retten. Die gesamte Holmatro-Ausr\u00fcstung muss daher f\u00fcr Sondereins\u00e4tze zuverl\u00e4ssig und unter allen Bedingungen gut funktionieren. Dank unserem Servicebus &#8211; ausger\u00fcstet mit den modernsten Pr\u00fcfger\u00e4ten, sind wir in der Lage, direkt vor Ort, jedes Ger\u00e4t sowohl auch Hebekissen zu pr\u00fcfen. Unser Serviceangebot umfasst [&hellip;]","og_url":"https:\/\/br10.brentex-webprojekt.ch\/fr\/service\/","og_site_name":"Rovia GmbH","article_modified_time":"2022-11-15T10:09:12+00:00","twitter_card":"summary_large_image","twitter_misc":{"Dur\u00e9e de lecture estim\u00e9e":"1 minute"},"schema":{"@context":"https:\/\/schema.org","@graph":[{"@type":"WebSite","@id":"https:\/\/www.rovia.ch\/#website","url":"https:\/\/www.rovia.ch\/","name":"Rovia GmbH","description":"","inLanguage":"fr-FR"},{"@type":"WebPage","@id":"https:\/\/br10.brentex-webprojekt.ch\/service\/#webpage","url":"https:\/\/br10.brentex-webprojekt.ch\/service\/","name":"Service - Rovia GmbH","isPartOf":{"@id":"https:\/\/www.rovia.ch\/#website"},"datePublished":"2022-09-16T08:32:39+00:00","dateModified":"2022-11-15T10:09:12+00:00","breadcrumb":{"@id":"https:\/\/br10.brentex-webprojekt.ch\/service\/#breadcrumb"},"inLanguage":"fr-FR","potentialAction":[{"@type":"ReadAction","target":["https:\/\/br10.brentex-webprojekt.ch\/service\/"]}]},{"@type":"BreadcrumbList","@id":"https:\/\/br10.brentex-webprojekt.ch\/service\/#breadcrumb","itemListElement":[{"@type":"ListItem","position":1,"name":"Home","item":"https:\/\/br10.brentex-webprojekt.ch\/"},{"@type":"ListItem","position":2,"name":"Service"}]}]}},"_links":{"self":[{"href":"https:\/\/br10.brentex-webprojekt.ch\/fr\/wp-json\/wp\/v2\/pages\/28959"}],"collection":[{"href":"https:\/\/br10.brentex-webprojekt.ch\/fr\/wp-json\/wp\/v2\/pages"}],"about":[{"href":"https:\/\/br10.brentex-webprojekt.ch\/fr\/wp-json\/wp\/v2\/types\/page"}],"author":[{"embeddable":true,"href":"https:\/\/br10.brentex-webprojekt.ch\/fr\/wp-json\/wp\/v2\/users\/1"}],"replies":[{"embeddable":true,"href":"https:\/\/br10.brentex-webprojekt.ch\/fr\/wp-json\/wp\/v2\/comments?post=28959"}],"version-history":[{"count":196,"href":"https:\/\/br10.brentex-webprojekt.ch\/fr\/wp-json\/wp\/v2\/pages\/28959\/revisions"}],"predecessor-version":[{"id":39926,"href":"https:\/\/br10.brentex-webprojekt.ch\/fr\/wp-json\/wp\/v2\/pages\/28959\/revisions\/39926"}],"wp:attachment":[{"href":"https:\/\/br10.brentex-webprojekt.ch\/fr\/wp-json\/wp\/v2\/media?parent=28959"}],"curies":[{"name":"wp","href":"https:\/\/api.w.org\/{rel}","templated":true}]}}