{"id":28954,"date":"2022-09-16T10:31:15","date_gmt":"2022-09-16T08:31:15","guid":{"rendered":"https:\/\/br10.brentex-webprojekt.ch\/?page_id=28954"},"modified":"2022-11-15T11:13:18","modified_gmt":"2022-11-15T10:13:18","slug":"innovationen","status":"publish","type":"page","link":"https:\/\/br10.brentex-webprojekt.ch\/fr\/innovationen\/","title":{"rendered":"Innovations"},"content":{"rendered":"<div data-elementor-type=\"wp-page\" data-elementor-id=\"28954\" class=\"elementor elementor-28954\" data-elementor-settings=\"[]\">\n\t\t\t\t\t\t<div class=\"elementor-inner\">\n\t\t\t\t\t\t\t<div class=\"elementor-section-wrap\">\n\t\t\t\t\t\t\t<section class=\"elementor-section elementor-top-section elementor-element elementor-element-fc1378d elementor-section-height-min-height elementor-section-items-stretch elementor-hidden-desktop elementor-hidden-tablet elementor-hidden-mobile elementor-section-boxed elementor-section-height-default\" data-id=\"fc1378d\" data-element_type=\"section\" data-settings=\"{&quot;background_background&quot;:&quot;classic&quot;,&quot;_ha_eqh_enable&quot;:false}\">\n\t\t\t\t\t\t<div class=\"elementor-container elementor-column-gap-default\">\n\t\t\t\t\t\t\t<div class=\"elementor-row\">\n\t\t\t\t\t<div class=\"elementor-column elementor-col-100 elementor-top-column elementor-element elementor-element-5e9841b\" data-id=\"5e9841b\" data-element_type=\"column\">\n\t\t\t<div class=\"elementor-column-wrap elementor-element-populated\">\n\t\t\t\t\t\t\t<div class=\"elementor-widget-wrap\">\n\t\t\t\t\t\t<div class=\"elementor-element elementor-element-6f71319 elementor-list-item-link-inline elementor-icon-list--layout-traditional elementor-widget elementor-widget-icon-list\" data-id=\"6f71319\" data-element_type=\"widget\" data-widget_type=\"icon-list.default\">\n\t\t\t\t<div class=\"elementor-widget-container\">\n\t\t\t\t\t<ul class=\"elementor-icon-list-items\">\n\t\t\t\t\t\t\t<li class=\"elementor-icon-list-item\">\n\t\t\t\t\t\t\t\t\t\t\t<span class=\"elementor-icon-list-icon\">\n\t\t\t\t\t\t\t<i aria-hidden=\"true\" class=\"fas fa-chevron-circle-right\"><\/i>\t\t\t\t\t\t<\/span>\n\t\t\t\t\t\t\t\t\t\t<span class=\"elementor-icon-list-text\">Innovations<\/span>\n\t\t\t\t\t\t\t\t\t<\/li>\n\t\t\t\t\t\t<\/ul>\n\t\t\t\t<\/div>\n\t\t\t\t<\/div>\n\t\t\t\t<div class=\"elementor-element elementor-element-ead697b elementor-widget elementor-widget-heading\" data-id=\"ead697b\" data-element_type=\"widget\" data-widget_type=\"heading.default\">\n\t\t\t\t<div class=\"elementor-widget-container\">\n\t\t\t<h2 class=\"elementor-heading-title elementor-size-default\">Produkte von h\u00f6chstem Standard<\/h2>\t\t<\/div>\n\t\t\t\t<\/div>\n\t\t\t\t<div class=\"elementor-element elementor-element-697b61d elementor-widget elementor-widget-text-editor\" data-id=\"697b61d\" data-element_type=\"widget\" data-widget_type=\"text-editor.default\">\n\t\t\t\t<div class=\"elementor-widget-container\">\n\t\t\t\t\t\t\t\t<div class=\"elementor-text-editor elementor-clearfix\">\n\t\t\t\t<p>Unsere Produkte sind von hoher Qualit\u00e4t. Wir bieten innovative Ger\u00e4te, auf die Sie sich verlassen k\u00f6nnen.\u00a0<\/p>\t\t\t\t\t<\/div>\n\t\t\t\t\t\t<\/div>\n\t\t\t\t<\/div>\n\t\t\t\t\t\t<\/div>\n\t\t\t\t\t<\/div>\n\t\t<\/div>\n\t\t\t\t\t\t\t\t<\/div>\n\t\t\t\t\t<\/div>\n\t\t<\/section>\n\t\t\t\t<section class=\"elementor-section elementor-top-section elementor-element elementor-element-be0d72f elementor-section-height-min-height elementor-section-items-stretch elementor-section-boxed elementor-section-height-default\" data-id=\"be0d72f\" data-element_type=\"section\" data-settings=\"{&quot;background_background&quot;:&quot;classic&quot;,&quot;_ha_eqh_enable&quot;:false}\">\n\t\t\t\t\t\t<div class=\"elementor-container elementor-column-gap-default\">\n\t\t\t\t\t\t\t<div class=\"elementor-row\">\n\t\t\t\t\t<div class=\"elementor-column elementor-col-100 elementor-top-column elementor-element elementor-element-79688ac\" data-id=\"79688ac\" data-element_type=\"column\">\n\t\t\t<div class=\"elementor-column-wrap elementor-element-populated\">\n\t\t\t\t\t\t\t<div class=\"elementor-widget-wrap\">\n\t\t\t\t\t\t<div class=\"elementor-element elementor-element-effbde5 elementor-list-item-link-inline elementor-icon-list--layout-traditional elementor-widget elementor-widget-icon-list\" data-id=\"effbde5\" data-element_type=\"widget\" data-widget_type=\"icon-list.default\">\n\t\t\t\t<div class=\"elementor-widget-container\">\n\t\t\t\t\t<ul class=\"elementor-icon-list-items\">\n\t\t\t\t\t\t\t<li class=\"elementor-icon-list-item\">\n\t\t\t\t\t\t\t\t\t\t\t<span class=\"elementor-icon-list-icon\">\n\t\t\t\t\t\t\t<i aria-hidden=\"true\" class=\"fas fa-chevron-circle-right\"><\/i>\t\t\t\t\t\t<\/span>\n\t\t\t\t\t\t\t\t\t\t<span class=\"elementor-icon-list-text\">Innovations<\/span>\n\t\t\t\t\t\t\t\t\t<\/li>\n\t\t\t\t\t\t<\/ul>\n\t\t\t\t<\/div>\n\t\t\t\t<\/div>\n\t\t\t\t<div class=\"elementor-element elementor-element-d910149 elementor-widget elementor-widget-heading\" data-id=\"d910149\" data-element_type=\"widget\" data-widget_type=\"heading.default\">\n\t\t\t\t<div class=\"elementor-widget-container\">\n\t\t\t<h2 class=\"elementor-heading-title elementor-size-default\">La technologie la plus moderne chez Rovia!<\/h2>\t\t<\/div>\n\t\t\t\t<\/div>\n\t\t\t\t<div class=\"elementor-element elementor-element-541e7ec elementor-widget elementor-widget-text-editor\" data-id=\"541e7ec\" data-element_type=\"widget\" data-widget_type=\"text-editor.default\">\n\t\t\t\t<div class=\"elementor-widget-container\">\n\t\t\t\t\t\t\t\t<div class=\"elementor-text-editor elementor-clearfix\">\n\t\t\t\t<p>Nos produits sont de haute qualit\u00e9. Nous proposons des \u00e9quipements innovants sur lesquels vous pouvez compter. Apprenez-en plus ici, sur les innovations les plus modernes qui existent dans le domaine de la technique de sauvetage et chez Rovia!<\/p>\t\t\t\t\t<\/div>\n\t\t\t\t\t\t<\/div>\n\t\t\t\t<\/div>\n\t\t\t\t\t\t<\/div>\n\t\t\t\t\t<\/div>\n\t\t<\/div>\n\t\t\t\t\t\t\t\t<\/div>\n\t\t\t\t\t<\/div>\n\t\t<\/section>\n\t\t\t\t<section class=\"elementor-section elementor-top-section elementor-element elementor-element-3594e9c elementor-section-boxed elementor-section-height-default elementor-section-height-default\" data-id=\"3594e9c\" data-element_type=\"section\" data-settings=\"{&quot;background_background&quot;:&quot;classic&quot;,&quot;_ha_eqh_enable&quot;:false}\">\n\t\t\t\t\t\t<div class=\"elementor-container elementor-column-gap-default\">\n\t\t\t\t\t\t\t<div class=\"elementor-row\">\n\t\t\t\t\t<div class=\"elementor-column elementor-col-100 elementor-top-column elementor-element elementor-element-0553f52\" data-id=\"0553f52\" data-element_type=\"column\">\n\t\t\t<div class=\"elementor-column-wrap elementor-element-populated\">\n\t\t\t\t\t\t\t<div class=\"elementor-widget-wrap\">\n\t\t\t\t\t\t<div class=\"elementor-element elementor-element-699348b elementor-posts--thumbnail-top elementor-grid-3 elementor-grid-tablet-2 elementor-grid-mobile-1 elementor-widget elementor-widget-posts\" data-id=\"699348b\" data-element_type=\"widget\" data-settings=\"{&quot;custom_row_gap_tablet&quot;:{&quot;unit&quot;:&quot;px&quot;,&quot;size&quot;:35,&quot;sizes&quot;:[]},&quot;custom_columns&quot;:&quot;3&quot;,&quot;custom_columns_tablet&quot;:&quot;2&quot;,&quot;custom_columns_mobile&quot;:&quot;1&quot;,&quot;custom_row_gap&quot;:{&quot;unit&quot;:&quot;px&quot;,&quot;size&quot;:35,&quot;sizes&quot;:[]},&quot;custom_row_gap_mobile&quot;:{&quot;unit&quot;:&quot;px&quot;,&quot;size&quot;:&quot;&quot;,&quot;sizes&quot;:[]}}\" data-widget_type=\"posts.custom\">\n\t\t\t\t<div class=\"elementor-widget-container\">\n\t\t\t      <div class=\"ecs-posts elementor-posts-container elementor-posts   elementor-grid elementor-posts--skin-custom\" data-settings=\"{&quot;current_page&quot;:1,&quot;max_num_pages&quot;:1,&quot;load_method&quot;:&quot;&quot;,&quot;widget_id&quot;:&quot;699348b&quot;,&quot;post_id&quot;:28954,&quot;theme_id&quot;:28954,&quot;change_url&quot;:false,&quot;reinit_js&quot;:false}\">\n      \t\t<article id=\"post-30887\" class=\"elementor-post elementor-grid-item ecs-post-loop post-30887 post type-post status-publish format-standard has-post-thumbnail hentry category-innovationen\">\n\t\t\t\t<div data-elementor-type=\"loop\" data-elementor-id=\"31067\" class=\"elementor elementor-31067 post-30887 post type-post status-publish format-standard has-post-thumbnail hentry category-innovationen\" data-elementor-settings=\"[]\">\n\t\t\t\t\t<div class=\"elementor-section-wrap\">\n\t\t\t\t\t\t<style>#post-30887 .elementor-31067 .elementor-element.elementor-element-6234894:not(.elementor-motion-effects-element-type-background), #post-30887 .elementor-31067 .elementor-element.elementor-element-6234894 > .elementor-motion-effects-container > .elementor-motion-effects-layer{background-image: url(\"https:\/\/br10.brentex-webprojekt.ch\/wp-content\/uploads\/2022\/10\/shutterstock_727360348_11zon-scaled-e1663764684558-1024x821-2.jpg\");}<\/style>\t\t<section data-ha-element-link=\"{&quot;url&quot;:&quot;https:\\\/\\\/br10.brentex-webprojekt.ch\\\/fr\\\/innovation-1\\\/&quot;,&quot;is_external&quot;:&quot;&quot;,&quot;nofollow&quot;:&quot;&quot;,&quot;custom_attributes&quot;:&quot;&quot;}\" style=\"cursor: pointer\" class=\"elementor-section elementor-top-section elementor-element elementor-element-6234894 elementor-section-height-min-height elementor-section-items-bottom elementor-section-boxed elementor-section-height-default\" data-id=\"6234894\" data-element_type=\"section\" data-settings=\"{&quot;background_background&quot;:&quot;classic&quot;,&quot;_ha_eqh_enable&quot;:false}\">\n\t\t\t\t\t\t\t<div class=\"elementor-background-overlay\"><\/div>\n\t\t\t\t\t\t\t<div class=\"elementor-container elementor-column-gap-default\">\n\t\t\t\t\t\t\t<div class=\"elementor-row\">\n\t\t\t\t\t<div class=\"elementor-column elementor-col-100 elementor-top-column elementor-element elementor-element-1901907\" data-id=\"1901907\" data-element_type=\"column\">\n\t\t\t<div class=\"elementor-column-wrap elementor-element-populated\">\n\t\t\t\t\t\t\t<div class=\"elementor-widget-wrap\">\n\t\t\t\t\t\t<div class=\"elementor-element elementor-element-6cfd862 elementor-widget elementor-widget-theme-post-title elementor-page-title elementor-widget-heading\" data-id=\"6cfd862\" data-element_type=\"widget\" data-widget_type=\"theme-post-title.default\">\n\t\t\t\t<div class=\"elementor-widget-container\">\n\t\t\t<h1 class=\"elementor-heading-title elementor-size-default\">Nous \u00e9quipons les h\u00e9ros!<\/h1>\t\t<\/div>\n\t\t\t\t<\/div>\n\t\t\t\t<div class=\"elementor-element elementor-element-144bd6c elementor-widget elementor-widget-theme-post-excerpt\" data-id=\"144bd6c\" data-element_type=\"widget\" data-widget_type=\"theme-post-excerpt.default\">\n\t\t\t\t<div class=\"elementor-widget-container\">\n\t\t\tLes exigences en mati\u00e8re de qualit\u00e9 des \u00e9quipement sont \u00e9lev\u00e9es - car en cas d'urgence, c'est elles qui d\u00e9cident de la vie des personnes...\t\t<\/div>\n\t\t\t\t<\/div>\n\t\t\t\t<div class=\"elementor-element elementor-element-6c89222 elementor-widget__width-auto elementor-widget elementor-widget-button\" data-id=\"6c89222\" data-element_type=\"widget\" data-widget_type=\"button.default\">\n\t\t\t\t<div class=\"elementor-widget-container\">\n\t\t\t\t\t<div class=\"elementor-button-wrapper\">\n\t\t\t<a href=\"https:\/\/br10.brentex-webprojekt.ch\/fr\/innovation-1\/\" class=\"elementor-button-link elementor-button elementor-size-sm\" role=\"button\">\n\t\t\t\t\t\t<span class=\"elementor-button-content-wrapper\">\n\t\t\t\t\t\t<span class=\"elementor-button-text\">En savoir plus<\/span>\n\t\t<\/span>\n\t\t\t\t\t<\/a>\n\t\t<\/div>\n\t\t\t\t<\/div>\n\t\t\t\t<\/div>\n\t\t\t\t\t\t<\/div>\n\t\t\t\t\t<\/div>\n\t\t<\/div>\n\t\t\t\t\t\t\t\t<\/div>\n\t\t\t\t\t<\/div>\n\t\t<\/section>\n\t\t\t\t\t\t\t<\/div>\n\t\t\t\t<\/div>\n\t\t\t\t<\/article>\n\t\t\t\t<article id=\"post-31047\" class=\"elementor-post elementor-grid-item ecs-post-loop post-31047 post type-post status-publish format-standard has-post-thumbnail hentry category-innovationen\">\n\t\t\t\t<div data-elementor-type=\"loop\" data-elementor-id=\"31067\" class=\"elementor elementor-31067 post-31047 post type-post status-publish format-standard has-post-thumbnail hentry category-innovationen\" data-elementor-settings=\"[]\">\n\t\t\t\t\t<div class=\"elementor-section-wrap\">\n\t\t\t\t\t\t<style>#post-31047 .elementor-31067 .elementor-element.elementor-element-6234894:not(.elementor-motion-effects-element-type-background), #post-31047 .elementor-31067 .elementor-element.elementor-element-6234894 > .elementor-motion-effects-container > .elementor-motion-effects-layer{background-image: url(\"https:\/\/br10.brentex-webprojekt.ch\/wp-content\/uploads\/2022\/10\/firefighters-original-2-1024x684-1.jpg\");}<\/style>\t\t<section data-ha-element-link=\"{&quot;url&quot;:&quot;https:\\\/\\\/br10.brentex-webprojekt.ch\\\/fr\\\/innovationen-2\\\/&quot;,&quot;is_external&quot;:&quot;&quot;,&quot;nofollow&quot;:&quot;&quot;,&quot;custom_attributes&quot;:&quot;&quot;}\" style=\"cursor: pointer\" class=\"elementor-section elementor-top-section elementor-element elementor-element-6234894 elementor-section-height-min-height elementor-section-items-bottom elementor-section-boxed elementor-section-height-default\" data-id=\"6234894\" data-element_type=\"section\" data-settings=\"{&quot;background_background&quot;:&quot;classic&quot;,&quot;_ha_eqh_enable&quot;:false}\">\n\t\t\t\t\t\t\t<div class=\"elementor-background-overlay\"><\/div>\n\t\t\t\t\t\t\t<div class=\"elementor-container elementor-column-gap-default\">\n\t\t\t\t\t\t\t<div class=\"elementor-row\">\n\t\t\t\t\t<div class=\"elementor-column elementor-col-100 elementor-top-column elementor-element elementor-element-1901907\" data-id=\"1901907\" data-element_type=\"column\">\n\t\t\t<div class=\"elementor-column-wrap elementor-element-populated\">\n\t\t\t\t\t\t\t<div class=\"elementor-widget-wrap\">\n\t\t\t\t\t\t<div class=\"elementor-element elementor-element-6cfd862 elementor-widget elementor-widget-theme-post-title elementor-page-title elementor-widget-heading\" data-id=\"6cfd862\" data-element_type=\"widget\" data-widget_type=\"theme-post-title.default\">\n\t\t\t\t<div class=\"elementor-widget-container\">\n\t\t\t<h1 class=\"elementor-heading-title elementor-size-default\">Cam\u00e9ras thermiques!<\/h1>\t\t<\/div>\n\t\t\t\t<\/div>\n\t\t\t\t<div class=\"elementor-element elementor-element-144bd6c elementor-widget elementor-widget-theme-post-excerpt\" data-id=\"144bd6c\" data-element_type=\"widget\" data-widget_type=\"theme-post-excerpt.default\">\n\t\t\t\t<div class=\"elementor-widget-container\">\n\t\t\tLa FLIR K1 est une cam\u00e9ra thermique robuste et compacte qui vous assiste comme une deuxi\u00e8me paire de yeux sur le terrain...\t\t<\/div>\n\t\t\t\t<\/div>\n\t\t\t\t<div class=\"elementor-element elementor-element-6c89222 elementor-widget__width-auto elementor-widget elementor-widget-button\" data-id=\"6c89222\" data-element_type=\"widget\" data-widget_type=\"button.default\">\n\t\t\t\t<div class=\"elementor-widget-container\">\n\t\t\t\t\t<div class=\"elementor-button-wrapper\">\n\t\t\t<a href=\"https:\/\/br10.brentex-webprojekt.ch\/fr\/innovationen-2\/\" class=\"elementor-button-link elementor-button elementor-size-sm\" role=\"button\">\n\t\t\t\t\t\t<span class=\"elementor-button-content-wrapper\">\n\t\t\t\t\t\t<span class=\"elementor-button-text\">En savoir plus<\/span>\n\t\t<\/span>\n\t\t\t\t\t<\/a>\n\t\t<\/div>\n\t\t\t\t<\/div>\n\t\t\t\t<\/div>\n\t\t\t\t\t\t<\/div>\n\t\t\t\t\t<\/div>\n\t\t<\/div>\n\t\t\t\t\t\t\t\t<\/div>\n\t\t\t\t\t<\/div>\n\t\t<\/section>\n\t\t\t\t\t\t\t<\/div>\n\t\t\t\t<\/div>\n\t\t\t\t<\/article>\n\t\t\t\t<article id=\"post-31027\" class=\"elementor-post elementor-grid-item ecs-post-loop post-31027 post type-post status-publish format-standard has-post-thumbnail hentry category-innovationen\">\n\t\t\t\t<div data-elementor-type=\"loop\" data-elementor-id=\"31067\" class=\"elementor elementor-31067 post-31027 post type-post status-publish format-standard has-post-thumbnail hentry category-innovationen\" data-elementor-settings=\"[]\">\n\t\t\t\t\t<div class=\"elementor-section-wrap\">\n\t\t\t\t\t\t<style>#post-31027 .elementor-31067 .elementor-element.elementor-element-6234894:not(.elementor-motion-effects-element-type-background), #post-31027 .elementor-31067 .elementor-element.elementor-element-6234894 > .elementor-motion-effects-container > .elementor-motion-effects-layer{background-image: url(\"https:\/\/br10.brentex-webprojekt.ch\/wp-content\/uploads\/2022\/10\/2-1024x452-1.png\");}<\/style>\t\t<section data-ha-element-link=\"{&quot;url&quot;:&quot;https:\\\/\\\/br10.brentex-webprojekt.ch\\\/fr\\\/innovationen-3\\\/&quot;,&quot;is_external&quot;:&quot;&quot;,&quot;nofollow&quot;:&quot;&quot;,&quot;custom_attributes&quot;:&quot;&quot;}\" style=\"cursor: pointer\" class=\"elementor-section elementor-top-section elementor-element elementor-element-6234894 elementor-section-height-min-height elementor-section-items-bottom elementor-section-boxed elementor-section-height-default\" data-id=\"6234894\" data-element_type=\"section\" data-settings=\"{&quot;background_background&quot;:&quot;classic&quot;,&quot;_ha_eqh_enable&quot;:false}\">\n\t\t\t\t\t\t\t<div class=\"elementor-background-overlay\"><\/div>\n\t\t\t\t\t\t\t<div class=\"elementor-container elementor-column-gap-default\">\n\t\t\t\t\t\t\t<div class=\"elementor-row\">\n\t\t\t\t\t<div class=\"elementor-column elementor-col-100 elementor-top-column elementor-element elementor-element-1901907\" data-id=\"1901907\" data-element_type=\"column\">\n\t\t\t<div class=\"elementor-column-wrap elementor-element-populated\">\n\t\t\t\t\t\t\t<div class=\"elementor-widget-wrap\">\n\t\t\t\t\t\t<div class=\"elementor-element elementor-element-6cfd862 elementor-widget elementor-widget-theme-post-title elementor-page-title elementor-widget-heading\" data-id=\"6cfd862\" data-element_type=\"widget\" data-widget_type=\"theme-post-title.default\">\n\t\t\t\t<div class=\"elementor-widget-container\">\n\t\t\t<h1 class=\"elementor-heading-title elementor-size-default\">Des produits qui sauvent des vies<\/h1>\t\t<\/div>\n\t\t\t\t<\/div>\n\t\t\t\t<div class=\"elementor-element elementor-element-144bd6c elementor-widget elementor-widget-theme-post-excerpt\" data-id=\"144bd6c\" data-element_type=\"widget\" data-widget_type=\"theme-post-excerpt.default\">\n\t\t\t\t<div class=\"elementor-widget-container\">\n\t\t\tLa toute nouvelle s\u00e9rie d'appareils de sauvetage offre, gr\u00e2ce \u00e0 une technologie de pointe, des performances uniques...\t\t<\/div>\n\t\t\t\t<\/div>\n\t\t\t\t<div class=\"elementor-element elementor-element-6c89222 elementor-widget__width-auto elementor-widget elementor-widget-button\" data-id=\"6c89222\" data-element_type=\"widget\" data-widget_type=\"button.default\">\n\t\t\t\t<div class=\"elementor-widget-container\">\n\t\t\t\t\t<div class=\"elementor-button-wrapper\">\n\t\t\t<a href=\"https:\/\/br10.brentex-webprojekt.ch\/fr\/innovationen-3\/\" class=\"elementor-button-link elementor-button elementor-size-sm\" role=\"button\">\n\t\t\t\t\t\t<span class=\"elementor-button-content-wrapper\">\n\t\t\t\t\t\t<span class=\"elementor-button-text\">En savoir plus<\/span>\n\t\t<\/span>\n\t\t\t\t\t<\/a>\n\t\t<\/div>\n\t\t\t\t<\/div>\n\t\t\t\t<\/div>\n\t\t\t\t\t\t<\/div>\n\t\t\t\t\t<\/div>\n\t\t<\/div>\n\t\t\t\t\t\t\t\t<\/div>\n\t\t\t\t\t<\/div>\n\t\t<\/section>\n\t\t\t\t\t\t\t<\/div>\n\t\t\t\t<\/div>\n\t\t\t\t<\/article>\n\t\t\t\t<\/div>\n\t\t\t\t<\/div>\n\t\t\t\t<\/div>\n\t\t\t\t\t\t<\/div>\n\t\t\t\t\t<\/div>\n\t\t<\/div>\n\t\t\t\t\t\t\t\t<\/div>\n\t\t\t\t\t<\/div>\n\t\t<\/section>\n\t\t\t\t\t\t<\/div>\n\t\t\t\t\t\t<\/div>\n\t\t\t\t\t<\/div>","protected":false},"excerpt":{"rendered":"<p>Innovationen Produkte von h\u00f6chstem Standard Unsere Produkte sind von hoher Qualit\u00e4t. Wir bieten innovative Ger\u00e4te, auf die Sie sich verlassen k\u00f6nnen.\u00a0 Innovationen Modernste Technologie bei Rovia! Unsere Produkte sind von hoher Qualit\u00e4t. Wir bieten innovative Ger\u00e4te, auf die Sie sich verlassen k\u00f6nnen. Erfahren Sie hier mehr, \u00fcber die modernsten Innovationen, die es im Bereich der [&hellip;]<\/p>","protected":false},"author":1,"featured_media":0,"parent":0,"menu_order":14,"comment_status":"closed","ping_status":"closed","template":"elementor_header_footer","meta":[],"yoast_head":"<!-- This site is optimized with the Yoast SEO plugin v18.3 - https:\/\/yoast.com\/wordpress\/plugins\/seo\/ -->\n<title>Innovationen - Rovia GmbH<\/title>\n<meta name=\"robots\" content=\"index, follow, max-snippet:-1, max-image-preview:large, max-video-preview:-1\" \/>\n<link rel=\"canonical\" href=\"https:\/\/br10.brentex-webprojekt.ch\/fr\/innovationen\/\" \/>\n<meta property=\"og:locale\" content=\"fr_FR\" \/>\n<meta property=\"og:type\" content=\"article\" \/>\n<meta property=\"og:title\" content=\"Innovationen - Rovia GmbH\" \/>\n<meta property=\"og:description\" content=\"Innovationen Produkte von h\u00f6chstem Standard Unsere Produkte sind von hoher Qualit\u00e4t. Wir bieten innovative Ger\u00e4te, auf die Sie sich verlassen k\u00f6nnen.\u00a0 Innovationen Modernste Technologie bei Rovia! Unsere Produkte sind von hoher Qualit\u00e4t. Wir bieten innovative Ger\u00e4te, auf die Sie sich verlassen k\u00f6nnen. Erfahren Sie hier mehr, \u00fcber die modernsten Innovationen, die es im Bereich der [&hellip;]\" \/>\n<meta property=\"og:url\" content=\"https:\/\/br10.brentex-webprojekt.ch\/fr\/innovationen\/\" \/>\n<meta property=\"og:site_name\" content=\"Rovia GmbH\" \/>\n<meta property=\"article:modified_time\" content=\"2022-11-15T10:13:18+00:00\" \/>\n<meta name=\"twitter:card\" content=\"summary_large_image\" \/>\n<meta name=\"twitter:label1\" content=\"Dur\u00e9e de lecture estim\u00e9e\" \/>\n\t<meta name=\"twitter:data1\" content=\"3 minutes\" \/>\n<script type=\"application\/ld+json\" class=\"yoast-schema-graph\">{\"@context\":\"https:\/\/schema.org\",\"@graph\":[{\"@type\":\"WebSite\",\"@id\":\"https:\/\/www.rovia.ch\/#website\",\"url\":\"https:\/\/www.rovia.ch\/\",\"name\":\"Rovia GmbH\",\"description\":\"\",\"inLanguage\":\"fr-FR\"},{\"@type\":\"WebPage\",\"@id\":\"https:\/\/br10.brentex-webprojekt.ch\/innovationen\/#webpage\",\"url\":\"https:\/\/br10.brentex-webprojekt.ch\/innovationen\/\",\"name\":\"Innovationen - Rovia GmbH\",\"isPartOf\":{\"@id\":\"https:\/\/www.rovia.ch\/#website\"},\"datePublished\":\"2022-09-16T08:31:15+00:00\",\"dateModified\":\"2022-11-15T10:13:18+00:00\",\"breadcrumb\":{\"@id\":\"https:\/\/br10.brentex-webprojekt.ch\/innovationen\/#breadcrumb\"},\"inLanguage\":\"fr-FR\",\"potentialAction\":[{\"@type\":\"ReadAction\",\"target\":[\"https:\/\/br10.brentex-webprojekt.ch\/innovationen\/\"]}]},{\"@type\":\"BreadcrumbList\",\"@id\":\"https:\/\/br10.brentex-webprojekt.ch\/innovationen\/#breadcrumb\",\"itemListElement\":[{\"@type\":\"ListItem\",\"position\":1,\"name\":\"Home\",\"item\":\"https:\/\/br10.brentex-webprojekt.ch\/\"},{\"@type\":\"ListItem\",\"position\":2,\"name\":\"Innovationen\"}]}]}<\/script>\n<!-- \/ Yoast SEO plugin. -->","yoast_head_json":{"title":"Innovationen - Rovia GmbH","robots":{"index":"index","follow":"follow","max-snippet":"max-snippet:-1","max-image-preview":"max-image-preview:large","max-video-preview":"max-video-preview:-1"},"canonical":"https:\/\/br10.brentex-webprojekt.ch\/fr\/innovationen\/","og_locale":"fr_FR","og_type":"article","og_title":"Innovationen - Rovia GmbH","og_description":"Innovationen Produkte von h\u00f6chstem Standard Unsere Produkte sind von hoher Qualit\u00e4t. Wir bieten innovative Ger\u00e4te, auf die Sie sich verlassen k\u00f6nnen.\u00a0 Innovationen Modernste Technologie bei Rovia! Unsere Produkte sind von hoher Qualit\u00e4t. Wir bieten innovative Ger\u00e4te, auf die Sie sich verlassen k\u00f6nnen. Erfahren Sie hier mehr, \u00fcber die modernsten Innovationen, die es im Bereich der [&hellip;]","og_url":"https:\/\/br10.brentex-webprojekt.ch\/fr\/innovationen\/","og_site_name":"Rovia GmbH","article_modified_time":"2022-11-15T10:13:18+00:00","twitter_card":"summary_large_image","twitter_misc":{"Dur\u00e9e de lecture estim\u00e9e":"3 minutes"},"schema":{"@context":"https:\/\/schema.org","@graph":[{"@type":"WebSite","@id":"https:\/\/www.rovia.ch\/#website","url":"https:\/\/www.rovia.ch\/","name":"Rovia GmbH","description":"","inLanguage":"fr-FR"},{"@type":"WebPage","@id":"https:\/\/br10.brentex-webprojekt.ch\/innovationen\/#webpage","url":"https:\/\/br10.brentex-webprojekt.ch\/innovationen\/","name":"Innovationen - Rovia GmbH","isPartOf":{"@id":"https:\/\/www.rovia.ch\/#website"},"datePublished":"2022-09-16T08:31:15+00:00","dateModified":"2022-11-15T10:13:18+00:00","breadcrumb":{"@id":"https:\/\/br10.brentex-webprojekt.ch\/innovationen\/#breadcrumb"},"inLanguage":"fr-FR","potentialAction":[{"@type":"ReadAction","target":["https:\/\/br10.brentex-webprojekt.ch\/innovationen\/"]}]},{"@type":"BreadcrumbList","@id":"https:\/\/br10.brentex-webprojekt.ch\/innovationen\/#breadcrumb","itemListElement":[{"@type":"ListItem","position":1,"name":"Home","item":"https:\/\/br10.brentex-webprojekt.ch\/"},{"@type":"ListItem","position":2,"name":"Innovationen"}]}]}},"_links":{"self":[{"href":"https:\/\/br10.brentex-webprojekt.ch\/fr\/wp-json\/wp\/v2\/pages\/28954"}],"collection":[{"href":"https:\/\/br10.brentex-webprojekt.ch\/fr\/wp-json\/wp\/v2\/pages"}],"about":[{"href":"https:\/\/br10.brentex-webprojekt.ch\/fr\/wp-json\/wp\/v2\/types\/page"}],"author":[{"embeddable":true,"href":"https:\/\/br10.brentex-webprojekt.ch\/fr\/wp-json\/wp\/v2\/users\/1"}],"replies":[{"embeddable":true,"href":"https:\/\/br10.brentex-webprojekt.ch\/fr\/wp-json\/wp\/v2\/comments?post=28954"}],"version-history":[{"count":164,"href":"https:\/\/br10.brentex-webprojekt.ch\/fr\/wp-json\/wp\/v2\/pages\/28954\/revisions"}],"predecessor-version":[{"id":39935,"href":"https:\/\/br10.brentex-webprojekt.ch\/fr\/wp-json\/wp\/v2\/pages\/28954\/revisions\/39935"}],"wp:attachment":[{"href":"https:\/\/br10.brentex-webprojekt.ch\/fr\/wp-json\/wp\/v2\/media?parent=28954"}],"curies":[{"name":"wp","href":"https:\/\/api.w.org\/{rel}","templated":true}]}}